{"id":1169,"date":"2025-02-24T18:49:14","date_gmt":"2025-02-24T18:49:14","guid":{"rendered":"https:\/\/www.ljusnaren.se\/?page_id=1169"},"modified":"2025-02-26T15:47:43","modified_gmt":"2025-02-26T15:47:43","slug":"organist-och-klockare","status":"publish","type":"page","link":"https:\/\/www.ljusnaren.se\/index.php\/organist-och-klockare\/","title":{"rendered":"Organist och klockare (och skoll\u00e4rare)"},"content":{"rendered":"\n<p>Organisten och klockaren var en central person i f\u00f6rsamlingen med b\u00e5de musikaliska, administrativa och praktiska uppgifter. Han var kyrkans allt-i-allo och en viktig del av det lokala samh\u00e4llet, ofta med inflytande l\u00e5ngt ut\u00f6ver den kyrkliga verksamheten. Som st\u00f6d till kyrkoherden kunde han vara ansvarig f\u00f6r viss kyrkobokf\u00f6ring i l\u00e4ngderna \u00f6ver f\u00f6dda, d\u00f6da och \u00e4ktenskapen. I Ljusnarsberg var rollen under mitten av 1800-talet ut\u00f6kad s\u00e5 att en person var organist, klockare och skoll\u00e4rare.<\/p>\n\n\n\n<p><\/p>\n\n\n<ul class=\"wp-block-latest-posts__list is-grid columns-3 wp-block-latest-posts\"><li><div class=\"wp-block-latest-posts__featured-image\"><img loading=\"lazy\" decoding=\"async\" width=\"263\" height=\"300\" src=\"https:\/\/www.ljusnaren.se\/wp-content\/uploads\/2025\/02\/Another1-263x300.jpg\" class=\"attachment-medium size-medium wp-post-image\" alt=\"\" style=\"\" srcset=\"https:\/\/www.ljusnaren.se\/wp-content\/uploads\/2025\/02\/Another1-263x300.jpg 263w, https:\/\/www.ljusnaren.se\/wp-content\/uploads\/2025\/02\/Another1.jpg 700w\" sizes=\"auto, (max-width: 263px) 100vw, 263px\" \/><\/div><a class=\"wp-block-latest-posts__post-title\" href=\"https:\/\/www.ljusnaren.se\/index.php\/2025\/02\/24\/per-adolf-sohlfeldt-1804-1850\/\">Per Adolf Sohlfeldt (1828-1840)<\/a><div class=\"wp-block-latest-posts__post-excerpt\">(1804-1850) Gifte sig med Maria fr\u00e5n Gr\u00f6nhult. Hade ett o\u00e4kta barn som var inhyst p\u00e5 barnhuset i Sthlm.<\/div><\/li>\n<li><div class=\"wp-block-latest-posts__featured-image\"><img loading=\"lazy\" decoding=\"async\" width=\"263\" height=\"300\" src=\"https:\/\/www.ljusnaren.se\/wp-content\/uploads\/2025\/02\/Gustaf-Nederdahl-263x300.jpg\" class=\"attachment-medium size-medium wp-post-image\" alt=\"\" style=\"\" srcset=\"https:\/\/www.ljusnaren.se\/wp-content\/uploads\/2025\/02\/Gustaf-Nederdahl-263x300.jpg 263w, https:\/\/www.ljusnaren.se\/wp-content\/uploads\/2025\/02\/Gustaf-Nederdahl.jpg 700w\" sizes=\"auto, (max-width: 263px) 100vw, 263px\" \/><\/div><a class=\"wp-block-latest-posts__post-title\" href=\"https:\/\/www.ljusnaren.se\/index.php\/2025\/02\/23\/gustaf-nederdahl\/\">Gustaf Nederdahl (1844-1845)<\/a><div class=\"wp-block-latest-posts__post-excerpt\"><\/div><\/li>\n<\/ul>","protected":false},"excerpt":{"rendered":"<p>Organisten och klockaren var en central person i f\u00f6rsamlingen med b\u00e5de musikaliska, administrativa och praktiska uppgifter. Han var kyrkans allt-i-allo och en viktig del av det lokala samh\u00e4llet, ofta med inflytande l\u00e5ngt ut\u00f6ver den kyrkliga verksamheten. Som st\u00f6d till kyrkoherden kunde han vara ansvarig f\u00f6r viss kyrkobokf\u00f6ring i l\u00e4ngderna \u00f6ver f\u00f6dda, d\u00f6da och \u00e4ktenskapen. I [&hellip;]<\/p>\n","protected":false},"author":1,"featured_media":0,"parent":0,"menu_order":0,"comment_status":"closed","ping_status":"closed","template":"","meta":{"footnotes":""},"class_list":["post-1169","page","type-page","status-publish","hentry"],"_links":{"self":[{"href":"https:\/\/www.ljusnaren.se\/index.php\/wp-json\/wp\/v2\/pages\/1169","targetHints":{"allow":["GET"]}}],"collection":[{"href":"https:\/\/www.ljusnaren.se\/index.php\/wp-json\/wp\/v2\/pages"}],"about":[{"href":"https:\/\/www.ljusnaren.se\/index.php\/wp-json\/wp\/v2\/types\/page"}],"author":[{"embeddable":true,"href":"https:\/\/www.ljusnaren.se\/index.php\/wp-json\/wp\/v2\/users\/1"}],"replies":[{"embeddable":true,"href":"https:\/\/www.ljusnaren.se\/index.php\/wp-json\/wp\/v2\/comments?post=1169"}],"version-history":[{"count":4,"href":"https:\/\/www.ljusnaren.se\/index.php\/wp-json\/wp\/v2\/pages\/1169\/revisions"}],"predecessor-version":[{"id":1271,"href":"https:\/\/www.ljusnaren.se\/index.php\/wp-json\/wp\/v2\/pages\/1169\/revisions\/1271"}],"wp:attachment":[{"href":"https:\/\/www.ljusnaren.se\/index.php\/wp-json\/wp\/v2\/media?parent=1169"}],"curies":[{"name":"wp","href":"https:\/\/api.w.org\/{rel}","templated":true}]}}