{"id":1319,"date":"2025-03-02T13:57:46","date_gmt":"2025-03-02T13:57:46","guid":{"rendered":"https:\/\/www.ljusnaren.se\/?page_id=1319"},"modified":"2025-03-02T14:20:51","modified_gmt":"2025-03-02T14:20:51","slug":"1845-2","status":"publish","type":"page","link":"https:\/\/www.ljusnaren.se\/index.php\/1845-2\/","title":{"rendered":"1845"},"content":{"rendered":"<ul class=\"wp-block-latest-posts__list is-grid columns-3 wp-block-latest-posts\"><li><div class=\"wp-block-latest-posts__featured-image alignright\"><img loading=\"lazy\" decoding=\"async\" width=\"150\" height=\"150\" src=\"https:\/\/www.ljusnaren.se\/wp-content\/uploads\/2025\/03\/Gravdod-150x150.jpg\" class=\"attachment-thumbnail size-thumbnail wp-post-image\" alt=\"\" style=\"\" srcset=\"https:\/\/www.ljusnaren.se\/wp-content\/uploads\/2025\/03\/Gravdod-150x150.jpg 150w, https:\/\/www.ljusnaren.se\/wp-content\/uploads\/2025\/03\/Gravdod-300x300.jpg 300w, https:\/\/www.ljusnaren.se\/wp-content\/uploads\/2025\/03\/Gravdod-768x768.jpg 768w, https:\/\/www.ljusnaren.se\/wp-content\/uploads\/2025\/03\/Gravdod.jpg 1024w\" sizes=\"auto, (max-width: 150px) 100vw, 150px\" \/><\/div><a class=\"wp-block-latest-posts__post-title\" href=\"https:\/\/www.ljusnaren.se\/index.php\/2025\/03\/02\/1845-02-23\/\">1845-02-23<\/a><div class=\"wp-block-latest-posts__post-excerpt\">Gruvdr\u00e4ngen Carl Jansson Messing slog sig f\u00f6rd\u00e4rvad i Svartviksgruvan och \u00e4r s\u00e4ngliggande&#8230;<\/div><\/li>\n<li><div class=\"wp-block-latest-posts__featured-image alignright\"><img loading=\"lazy\" decoding=\"async\" width=\"150\" height=\"150\" src=\"https:\/\/www.ljusnaren.se\/wp-content\/uploads\/2025\/02\/Sockennamnd-150x150.jpg\" class=\"attachment-thumbnail size-thumbnail wp-post-image\" alt=\"\" style=\"\" srcset=\"https:\/\/www.ljusnaren.se\/wp-content\/uploads\/2025\/02\/Sockennamnd-150x150.jpg 150w, https:\/\/www.ljusnaren.se\/wp-content\/uploads\/2025\/02\/Sockennamnd-300x300.jpg 300w, https:\/\/www.ljusnaren.se\/wp-content\/uploads\/2025\/02\/Sockennamnd-768x768.jpg 768w, https:\/\/www.ljusnaren.se\/wp-content\/uploads\/2025\/02\/Sockennamnd.jpg 1024w\" sizes=\"auto, (max-width: 150px) 100vw, 150px\" \/><\/div><a class=\"wp-block-latest-posts__post-title\" href=\"https:\/\/www.ljusnaren.se\/index.php\/2025\/03\/02\/1845-04-09\/\">1845-03-09<\/a><div class=\"wp-block-latest-posts__post-excerpt\">Mantals-skrivningsl\u00e4ngden f\u00f6redrogs samt beviljanden av tillf\u00e4lliga underst\u00f6d i tre \u00e4renden.<\/div><\/li>\n<li><div class=\"wp-block-latest-posts__featured-image alignright\"><img loading=\"lazy\" decoding=\"async\" width=\"150\" height=\"150\" src=\"https:\/\/www.ljusnaren.se\/wp-content\/uploads\/2025\/02\/Anders-Knutsson-1-150x150.jpg\" class=\"attachment-thumbnail size-thumbnail wp-post-image\" alt=\"\" style=\"\" \/><\/div><a class=\"wp-block-latest-posts__post-title\" href=\"https:\/\/www.ljusnaren.se\/index.php\/2025\/03\/03\/1845-04-20\/\">1845-04-20<\/a><div class=\"wp-block-latest-posts__post-excerpt\">&#8221;de s\u00e5 kallade Knuts gossar beviljades till vardera en ny bl\u00e5garnsskjorta j\u00e4mte jacka och byxor i bolstervar&#8221;<\/div><\/li>\n<li><div class=\"wp-block-latest-posts__featured-image alignright\"><img loading=\"lazy\" decoding=\"async\" width=\"150\" height=\"150\" src=\"https:\/\/www.ljusnaren.se\/wp-content\/uploads\/2025\/02\/Sockennamnd-150x150.jpg\" class=\"attachment-thumbnail size-thumbnail wp-post-image\" alt=\"\" style=\"\" srcset=\"https:\/\/www.ljusnaren.se\/wp-content\/uploads\/2025\/02\/Sockennamnd-150x150.jpg 150w, https:\/\/www.ljusnaren.se\/wp-content\/uploads\/2025\/02\/Sockennamnd-300x300.jpg 300w, https:\/\/www.ljusnaren.se\/wp-content\/uploads\/2025\/02\/Sockennamnd-768x768.jpg 768w, https:\/\/www.ljusnaren.se\/wp-content\/uploads\/2025\/02\/Sockennamnd.jpg 1024w\" sizes=\"auto, (max-width: 150px) 100vw, 150px\" \/><\/div><a class=\"wp-block-latest-posts__post-title\" href=\"https:\/\/www.ljusnaren.se\/index.php\/2025\/03\/03\/1845-05-04\/\">1845-05-04<\/a><div class=\"wp-block-latest-posts__post-excerpt\">Taxeringskommitt\u00e9n utsedd inf\u00f6r 5:e juni..<\/div><\/li>\n<li><div class=\"wp-block-latest-posts__featured-image alignright\"><img loading=\"lazy\" decoding=\"async\" width=\"150\" height=\"150\" src=\"https:\/\/www.ljusnaren.se\/wp-content\/uploads\/2025\/03\/Skog-150x150.jpg\" class=\"attachment-thumbnail size-thumbnail wp-post-image\" alt=\"\" style=\"\" srcset=\"https:\/\/www.ljusnaren.se\/wp-content\/uploads\/2025\/03\/Skog-150x150.jpg 150w, https:\/\/www.ljusnaren.se\/wp-content\/uploads\/2025\/03\/Skog-300x300.jpg 300w, https:\/\/www.ljusnaren.se\/wp-content\/uploads\/2025\/03\/Skog-768x768.jpg 768w, https:\/\/www.ljusnaren.se\/wp-content\/uploads\/2025\/03\/Skog.jpg 1024w\" sizes=\"auto, (max-width: 150px) 100vw, 150px\" \/><\/div><a class=\"wp-block-latest-posts__post-title\" href=\"https:\/\/www.ljusnaren.se\/index.php\/2025\/03\/03\/1845-05-18\/\">1845-05-18<\/a><div class=\"wp-block-latest-posts__post-excerpt\">Peter Perssons son vid R\u00f6dtj\u00e4rn h\u00f6gg sig i kn\u00e4et n\u00e4r de f\u00e4llde skog f\u00f6r ved och \u00e4r illa skadad&#8230;.<\/div><\/li>\n<li><div class=\"wp-block-latest-posts__featured-image alignright\"><img loading=\"lazy\" decoding=\"async\" width=\"150\" height=\"150\" src=\"https:\/\/www.ljusnaren.se\/wp-content\/uploads\/2025\/02\/Hast-och-vagn-150x150.jpg\" class=\"attachment-thumbnail size-thumbnail wp-post-image\" alt=\"\" style=\"\" srcset=\"https:\/\/www.ljusnaren.se\/wp-content\/uploads\/2025\/02\/Hast-och-vagn-150x150.jpg 150w, https:\/\/www.ljusnaren.se\/wp-content\/uploads\/2025\/02\/Hast-och-vagn-300x300.jpg 300w, https:\/\/www.ljusnaren.se\/wp-content\/uploads\/2025\/02\/Hast-och-vagn-768x768.jpg 768w, https:\/\/www.ljusnaren.se\/wp-content\/uploads\/2025\/02\/Hast-och-vagn.jpg 1024w\" sizes=\"auto, (max-width: 150px) 100vw, 150px\" \/><\/div><a class=\"wp-block-latest-posts__post-title\" href=\"https:\/\/www.ljusnaren.se\/index.php\/2025\/03\/03\/1845-06-29\/\">1845-06-29<\/a><div class=\"wp-block-latest-posts__post-excerpt\">Den o\u00e4kta moderl\u00f6sa flickan Josefina var 15 och fick klara sig sj\u00e4lv. Hon gifte sig och hamnade i Arboga.<\/div><\/li>\n<li><div class=\"wp-block-latest-posts__featured-image alignright\"><img loading=\"lazy\" decoding=\"async\" width=\"150\" height=\"150\" src=\"https:\/\/www.ljusnaren.se\/wp-content\/uploads\/2025\/03\/vansinnig-150x150.jpg\" class=\"attachment-thumbnail size-thumbnail wp-post-image\" alt=\"\" style=\"\" srcset=\"https:\/\/www.ljusnaren.se\/wp-content\/uploads\/2025\/03\/vansinnig-150x150.jpg 150w, https:\/\/www.ljusnaren.se\/wp-content\/uploads\/2025\/03\/vansinnig-300x300.jpg 300w, https:\/\/www.ljusnaren.se\/wp-content\/uploads\/2025\/03\/vansinnig-768x768.jpg 768w, https:\/\/www.ljusnaren.se\/wp-content\/uploads\/2025\/03\/vansinnig.jpg 1024w\" sizes=\"auto, (max-width: 150px) 100vw, 150px\" \/><\/div><a class=\"wp-block-latest-posts__post-title\" href=\"https:\/\/www.ljusnaren.se\/index.php\/2025\/03\/03\/1845-08-31\/\">1845-08-31<\/a><div class=\"wp-block-latest-posts__post-excerpt\">Pigan Carolina har blivit s\u00e5 vansinnig att hon satts i j\u00e4rn och kr\u00e4ver tv\u00e5 medf\u00f6ljande karlar i skjutsen till \u00d6rebro lasarett&#8230;.<\/div><\/li>\n<li><div class=\"wp-block-latest-posts__featured-image alignright\"><img loading=\"lazy\" decoding=\"async\" width=\"150\" height=\"150\" src=\"https:\/\/www.ljusnaren.se\/wp-content\/uploads\/2025\/02\/Gubbe-150x150.jpg\" class=\"attachment-thumbnail size-thumbnail wp-post-image\" alt=\"\" style=\"\" \/><\/div><a class=\"wp-block-latest-posts__post-title\" href=\"https:\/\/www.ljusnaren.se\/index.php\/2025\/03\/03\/1845-09-14\/\">1845-09-14<\/a><div class=\"wp-block-latest-posts__post-excerpt\">&#8221;Per Ersson Mans, vilken genom sin inom denna socken f\u00f6rda l\u00e4ttjefulla och brottsliga vandel, gjort sig h\u00e4rst\u00e4des b\u00e5de avskydd och fruktad.&#8221;<\/div><\/li>\n<li><div class=\"wp-block-latest-posts__featured-image alignright\"><img loading=\"lazy\" decoding=\"async\" width=\"150\" height=\"150\" src=\"https:\/\/www.ljusnaren.se\/wp-content\/uploads\/2025\/02\/Sockennamnd-150x150.jpg\" class=\"attachment-thumbnail size-thumbnail wp-post-image\" alt=\"\" style=\"\" srcset=\"https:\/\/www.ljusnaren.se\/wp-content\/uploads\/2025\/02\/Sockennamnd-150x150.jpg 150w, https:\/\/www.ljusnaren.se\/wp-content\/uploads\/2025\/02\/Sockennamnd-300x300.jpg 300w, https:\/\/www.ljusnaren.se\/wp-content\/uploads\/2025\/02\/Sockennamnd-768x768.jpg 768w, https:\/\/www.ljusnaren.se\/wp-content\/uploads\/2025\/02\/Sockennamnd.jpg 1024w\" sizes=\"auto, (max-width: 150px) 100vw, 150px\" \/><\/div><a class=\"wp-block-latest-posts__post-title\" href=\"https:\/\/www.ljusnaren.se\/index.php\/2025\/03\/03\/1845-09-28\/\">1845-09-28<\/a><div class=\"wp-block-latest-posts__post-excerpt\">Kaplansg\u00e5rdens g\u00e4rdesg\u00e5rdar och grindar beh\u00f6ver rustas och st\u00e4mman diskuterar var fr\u00e5gan om skattek\u00f6pen f\u00f6r allm\u00e4nningarna ska f\u00f6retas.<\/div><\/li>\n<li><div class=\"wp-block-latest-posts__featured-image alignright\"><img loading=\"lazy\" decoding=\"async\" width=\"150\" height=\"150\" src=\"https:\/\/www.ljusnaren.se\/wp-content\/uploads\/2025\/02\/Sockennamnd-150x150.jpg\" class=\"attachment-thumbnail size-thumbnail wp-post-image\" alt=\"\" style=\"\" srcset=\"https:\/\/www.ljusnaren.se\/wp-content\/uploads\/2025\/02\/Sockennamnd-150x150.jpg 150w, https:\/\/www.ljusnaren.se\/wp-content\/uploads\/2025\/02\/Sockennamnd-300x300.jpg 300w, https:\/\/www.ljusnaren.se\/wp-content\/uploads\/2025\/02\/Sockennamnd-768x768.jpg 768w, https:\/\/www.ljusnaren.se\/wp-content\/uploads\/2025\/02\/Sockennamnd.jpg 1024w\" sizes=\"auto, (max-width: 150px) 100vw, 150px\" \/><\/div><a class=\"wp-block-latest-posts__post-title\" href=\"https:\/\/www.ljusnaren.se\/index.php\/2025\/03\/03\/1845-10-19\/\">1845-10-19<\/a><div class=\"wp-block-latest-posts__post-excerpt\">Kort m\u00f6te ang\u00e5ende val av deputerad i fr\u00e5gan om l\u00e4nskurhusinr\u00e4ttningen.<\/div><\/li>\n<li><div class=\"wp-block-latest-posts__featured-image alignright\"><img loading=\"lazy\" decoding=\"async\" width=\"150\" height=\"150\" src=\"https:\/\/www.ljusnaren.se\/wp-content\/uploads\/2025\/03\/Gubbe-mot-Linde-150x150.jpg\" class=\"attachment-thumbnail size-thumbnail wp-post-image\" alt=\"\" style=\"\" srcset=\"https:\/\/www.ljusnaren.se\/wp-content\/uploads\/2025\/03\/Gubbe-mot-Linde-150x150.jpg 150w, https:\/\/www.ljusnaren.se\/wp-content\/uploads\/2025\/03\/Gubbe-mot-Linde-300x300.jpg 300w, https:\/\/www.ljusnaren.se\/wp-content\/uploads\/2025\/03\/Gubbe-mot-Linde-768x768.jpg 768w, https:\/\/www.ljusnaren.se\/wp-content\/uploads\/2025\/03\/Gubbe-mot-Linde.jpg 1024w\" sizes=\"auto, (max-width: 150px) 100vw, 150px\" \/><\/div><a class=\"wp-block-latest-posts__post-title\" href=\"https:\/\/www.ljusnaren.se\/index.php\/2025\/03\/03\/1845-11-09\/\">1845-11-09<\/a><div class=\"wp-block-latest-posts__post-excerpt\">Carolina Stjernas o\u00e4kta barn blir ackorderade efter hennes d\u00f6d och r\u00e4tteg\u00e5ngen i Lindesberg med krav p\u00e5 utpekad fader till barnen forts\u00e4tter..<\/div><\/li>\n<li><div class=\"wp-block-latest-posts__featured-image alignright\"><img loading=\"lazy\" decoding=\"async\" width=\"150\" height=\"150\" src=\"https:\/\/www.ljusnaren.se\/wp-content\/uploads\/2025\/03\/Berggardsfall2-150x150.jpg\" class=\"attachment-thumbnail size-thumbnail wp-post-image\" alt=\"\" style=\"\" \/><\/div><a class=\"wp-block-latest-posts__post-title\" href=\"https:\/\/www.ljusnaren.se\/index.php\/2025\/03\/03\/1845-11-30\/\">1845-11-30<\/a><div class=\"wp-block-latest-posts__post-excerpt\">Jan Persson Findell har k\u00f6pt ett stycke jord och ett torp men till\u00e5ts inte flytta in &#8211; han m\u00e5ste f\u00f6rst skaffa borgen&#8230;<\/div><\/li>\n<\/ul>","protected":false},"excerpt":{"rendered":"","protected":false},"author":1,"featured_media":0,"parent":0,"menu_order":0,"comment_status":"closed","ping_status":"closed","template":"","meta":{"footnotes":""},"class_list":["post-1319","page","type-page","status-publish","hentry"],"_links":{"self":[{"href":"https:\/\/www.ljusnaren.se\/index.php\/wp-json\/wp\/v2\/pages\/1319","targetHints":{"allow":["GET"]}}],"collection":[{"href":"https:\/\/www.ljusnaren.se\/index.php\/wp-json\/wp\/v2\/pages"}],"about":[{"href":"https:\/\/www.ljusnaren.se\/index.php\/wp-json\/wp\/v2\/types\/page"}],"author":[{"embeddable":true,"href":"https:\/\/www.ljusnaren.se\/index.php\/wp-json\/wp\/v2\/users\/1"}],"replies":[{"embeddable":true,"href":"https:\/\/www.ljusnaren.se\/index.php\/wp-json\/wp\/v2\/comments?post=1319"}],"version-history":[{"count":3,"href":"https:\/\/www.ljusnaren.se\/index.php\/wp-json\/wp\/v2\/pages\/1319\/revisions"}],"predecessor-version":[{"id":1328,"href":"https:\/\/www.ljusnaren.se\/index.php\/wp-json\/wp\/v2\/pages\/1319\/revisions\/1328"}],"wp:attachment":[{"href":"https:\/\/www.ljusnaren.se\/index.php\/wp-json\/wp\/v2\/media?parent=1319"}],"curies":[{"name":"wp","href":"https:\/\/api.w.org\/{rel}","templated":true}]}}