{"id":1451,"date":"2025-03-09T15:58:27","date_gmt":"2025-03-09T15:58:27","guid":{"rendered":"https:\/\/www.ljusnaren.se\/?page_id=1451"},"modified":"2025-03-11T17:55:40","modified_gmt":"2025-03-11T17:55:40","slug":"1835-2","status":"publish","type":"page","link":"https:\/\/www.ljusnaren.se\/index.php\/1835-2\/","title":{"rendered":"Fattigv\u00e5rdsstyrelsens protokoll 1835 &#8211;"},"content":{"rendered":"\n<h1 class=\"wp-block-heading\">1835<\/h1>\n\n\n<ul class=\"wp-block-latest-posts__list is-grid columns-3 has-author wp-block-latest-posts\"><li><div class=\"wp-block-latest-posts__featured-image alignright\"><a href=\"https:\/\/www.ljusnaren.se\/index.php\/2025\/03\/09\/1835\/\" aria-label=\"1835-06-14\"><img loading=\"lazy\" decoding=\"async\" width=\"150\" height=\"150\" src=\"https:\/\/www.ljusnaren.se\/wp-content\/uploads\/2025\/03\/Fattigvardsstyrelsen-150x150.jpg\" class=\"attachment-thumbnail size-thumbnail wp-post-image\" alt=\"\" style=\"\" srcset=\"https:\/\/www.ljusnaren.se\/wp-content\/uploads\/2025\/03\/Fattigvardsstyrelsen-150x150.jpg 150w, https:\/\/www.ljusnaren.se\/wp-content\/uploads\/2025\/03\/Fattigvardsstyrelsen-300x300.jpg 300w, https:\/\/www.ljusnaren.se\/wp-content\/uploads\/2025\/03\/Fattigvardsstyrelsen-768x768.jpg 768w, https:\/\/www.ljusnaren.se\/wp-content\/uploads\/2025\/03\/Fattigvardsstyrelsen.jpg 1024w\" sizes=\"auto, (max-width: 150px) 100vw, 150px\" \/><\/a><\/div><a class=\"wp-block-latest-posts__post-title\" href=\"https:\/\/www.ljusnaren.se\/index.php\/2025\/03\/09\/1835\/\">1835-06-14<\/a><div class=\"wp-block-latest-posts__post-author\">av Lars<\/div><div class=\"wp-block-latest-posts__post-excerpt\">En kort lista p\u00e5 beviljade underst\u00f6d.<\/div><\/li>\n<li><div class=\"wp-block-latest-posts__featured-image alignright\"><a href=\"https:\/\/www.ljusnaren.se\/index.php\/2025\/03\/11\/1835-07-26\/\" aria-label=\"1835-07-26\"><img loading=\"lazy\" decoding=\"async\" width=\"150\" height=\"150\" src=\"https:\/\/www.ljusnaren.se\/wp-content\/uploads\/2025\/03\/Fattigvardsstyrelsen-150x150.jpg\" class=\"attachment-thumbnail size-thumbnail wp-post-image\" alt=\"\" style=\"\" srcset=\"https:\/\/www.ljusnaren.se\/wp-content\/uploads\/2025\/03\/Fattigvardsstyrelsen-150x150.jpg 150w, https:\/\/www.ljusnaren.se\/wp-content\/uploads\/2025\/03\/Fattigvardsstyrelsen-300x300.jpg 300w, https:\/\/www.ljusnaren.se\/wp-content\/uploads\/2025\/03\/Fattigvardsstyrelsen-768x768.jpg 768w, https:\/\/www.ljusnaren.se\/wp-content\/uploads\/2025\/03\/Fattigvardsstyrelsen.jpg 1024w\" sizes=\"auto, (max-width: 150px) 100vw, 150px\" \/><\/a><\/div><a class=\"wp-block-latest-posts__post-title\" href=\"https:\/\/www.ljusnaren.se\/index.php\/2025\/03\/11\/1835-07-26\/\">1835-07-26<\/a><div class=\"wp-block-latest-posts__post-author\">av Lars<\/div><div class=\"wp-block-latest-posts__post-excerpt\">Anders Ersson i Alderfallet i uselt tillst\u00e5nd p\u00e5 grund av sjukdom&#8230;<\/div><\/li>\n<li><div class=\"wp-block-latest-posts__featured-image alignright\"><a href=\"https:\/\/www.ljusnaren.se\/index.php\/2025\/03\/11\/1835-10-04\/\" aria-label=\"1835-10-04\"><img loading=\"lazy\" decoding=\"async\" width=\"150\" height=\"150\" src=\"https:\/\/www.ljusnaren.se\/wp-content\/uploads\/2025\/03\/Fattigvardsstyrelsen-150x150.jpg\" class=\"attachment-thumbnail size-thumbnail wp-post-image\" alt=\"\" style=\"\" srcset=\"https:\/\/www.ljusnaren.se\/wp-content\/uploads\/2025\/03\/Fattigvardsstyrelsen-150x150.jpg 150w, https:\/\/www.ljusnaren.se\/wp-content\/uploads\/2025\/03\/Fattigvardsstyrelsen-300x300.jpg 300w, https:\/\/www.ljusnaren.se\/wp-content\/uploads\/2025\/03\/Fattigvardsstyrelsen-768x768.jpg 768w, https:\/\/www.ljusnaren.se\/wp-content\/uploads\/2025\/03\/Fattigvardsstyrelsen.jpg 1024w\" sizes=\"auto, (max-width: 150px) 100vw, 150px\" \/><\/a><\/div><a class=\"wp-block-latest-posts__post-title\" href=\"https:\/\/www.ljusnaren.se\/index.php\/2025\/03\/11\/1835-10-04\/\">1835-10-04<\/a><div class=\"wp-block-latest-posts__post-author\">av Lars<\/div><div class=\"wp-block-latest-posts__post-excerpt\">Projekterad lista \u00f6ver kostnader f\u00f6r fattigunderst\u00f6det f\u00f6r n\u00e4stkommande \u00e5r, 1836. <\/div><\/li>\n<\/ul>\n\n\n<h1 class=\"wp-block-heading\">1836<\/h1>\n\n\n<ul class=\"wp-block-latest-posts__list wp-block-latest-posts\"><\/ul>\n\n\n<p><\/p>\n\n\n\n<h1 class=\"wp-block-heading\">1837<\/h1>\n\n\n\n<p><\/p>\n\n\n\n<h1 class=\"wp-block-heading\">1838<\/h1>\n\n\n\n<p><\/p>\n\n\n\n<h1 class=\"wp-block-heading\">1839<\/h1>\n\n\n\n<p><\/p>\n\n\n\n<h1 class=\"wp-block-heading\">1840<\/h1>\n\n\n\n<p><\/p>\n\n\n\n<p><\/p>\n\n\n\n<p><\/p>\n\n\n\n<p><\/p>\n\n\n\n<p><\/p>\n\n\n\n<p><\/p>\n\n\n\n<p><\/p>\n\n\n\n<p><\/p>\n\n\n\n<p><\/p>\n\n\n\n<p><\/p>\n\n\n\n<p><\/p>\n\n\n\n<p><\/p>\n\n\n\n<p><\/p>\n\n\n\n<p><\/p>\n\n\n\n<p><\/p>\n\n\n\n<p><\/p>\n\n\n\n<p><\/p>\n\n\n\n<p><\/p>\n","protected":false},"excerpt":{"rendered":"<p>1835 1836 1837 1838 1839 1840<\/p>\n","protected":false},"author":1,"featured_media":0,"parent":0,"menu_order":0,"comment_status":"closed","ping_status":"closed","template":"","meta":{"footnotes":""},"class_list":["post-1451","page","type-page","status-publish","hentry"],"_links":{"self":[{"href":"https:\/\/www.ljusnaren.se\/index.php\/wp-json\/wp\/v2\/pages\/1451","targetHints":{"allow":["GET"]}}],"collection":[{"href":"https:\/\/www.ljusnaren.se\/index.php\/wp-json\/wp\/v2\/pages"}],"about":[{"href":"https:\/\/www.ljusnaren.se\/index.php\/wp-json\/wp\/v2\/types\/page"}],"author":[{"embeddable":true,"href":"https:\/\/www.ljusnaren.se\/index.php\/wp-json\/wp\/v2\/users\/1"}],"replies":[{"embeddable":true,"href":"https:\/\/www.ljusnaren.se\/index.php\/wp-json\/wp\/v2\/comments?post=1451"}],"version-history":[{"count":9,"href":"https:\/\/www.ljusnaren.se\/index.php\/wp-json\/wp\/v2\/pages\/1451\/revisions"}],"predecessor-version":[{"id":1495,"href":"https:\/\/www.ljusnaren.se\/index.php\/wp-json\/wp\/v2\/pages\/1451\/revisions\/1495"}],"wp:attachment":[{"href":"https:\/\/www.ljusnaren.se\/index.php\/wp-json\/wp\/v2\/media?parent=1451"}],"curies":[{"name":"wp","href":"https:\/\/api.w.org\/{rel}","templated":true}]}}