{"id":1813,"date":"2025-12-28T20:16:03","date_gmt":"2025-12-28T20:16:03","guid":{"rendered":"https:\/\/www.ljusnaren.se\/?page_id=1813"},"modified":"2025-12-28T20:23:11","modified_gmt":"2025-12-28T20:23:11","slug":"jan-peter-persson-alunds-brottsturne-1850-1860","status":"publish","type":"page","link":"https:\/\/www.ljusnaren.se\/index.php\/jan-peter-persson-alunds-brottsturne-1850-1860\/","title":{"rendered":"Jan Peter Persson \u00c5lunds brottsturn\u00e9 1850-1860"},"content":{"rendered":"\n<p>Karta \u00f6ver inbrott 1850-1853<\/p>\n\n\n\n<figure class=\"wp-block-image size-large\"><img loading=\"lazy\" decoding=\"async\" width=\"1024\" height=\"745\" src=\"https:\/\/www.ljusnaren.se\/wp-content\/uploads\/2025\/12\/Jan-Peter-Persson-Alunds-karta-1024x745.jpg\" alt=\"\" class=\"wp-image-1816\" srcset=\"https:\/\/www.ljusnaren.se\/wp-content\/uploads\/2025\/12\/Jan-Peter-Persson-Alunds-karta-1024x745.jpg 1024w, https:\/\/www.ljusnaren.se\/wp-content\/uploads\/2025\/12\/Jan-Peter-Persson-Alunds-karta-300x218.jpg 300w, https:\/\/www.ljusnaren.se\/wp-content\/uploads\/2025\/12\/Jan-Peter-Persson-Alunds-karta-768x559.jpg 768w, https:\/\/www.ljusnaren.se\/wp-content\/uploads\/2025\/12\/Jan-Peter-Persson-Alunds-karta-1536x1118.jpg 1536w, https:\/\/www.ljusnaren.se\/wp-content\/uploads\/2025\/12\/Jan-Peter-Persson-Alunds-karta.jpg 1560w\" sizes=\"auto, (max-width: 1024px) 100vw, 1024px\" \/><\/figure>\n\n\n\n<h3 class=\"wp-block-heading\">Ting och R\u00e4tteg\u00e5ngsdatum:<\/h3>\n\n\n\n<figure class=\"wp-block-table is-style-stripes\"><table class=\"has-fixed-layout\"><tbody><tr><td><em>Fr\u00e5n<\/em><\/td><td><strong><em>Till<\/em><\/strong><\/td><td><em>H\u00e4radsr\u00e4tt<\/em><\/td><td><em>Brott<\/em><\/td><td><em>Brottsplats<\/em><\/td><\/tr><tr><td>1850-08-02<\/td><td>1850-08-27<\/td><td>Nya Kopparberget<\/td><td>1:a resan st\u00f6ld<\/td><td>Tappen<\/td><\/tr><tr><td>1853-02-01<\/td><td>1853-02-19<\/td><td>Lindesberg<\/td><td>2:a resan st\u00f6ld<\/td><td>Vasselhyttan, Reboda<\/td><\/tr><tr><td>1853-03-29<\/td><td>1853-05-17<\/td><td>Nora<\/td><td>F\u00f6rfalskningsbrott<\/td><td>Skrikarhyttan<\/td><\/tr><tr><td><\/td><td><\/td><td><\/td><td><\/td><td><\/td><\/tr><tr><td><\/td><td><\/td><td><\/td><td><\/td><td><\/td><\/tr><\/tbody><\/table><\/figure>\n\n\n\n<div class=\"wp-block-buttons is-layout-flex wp-block-buttons-is-layout-flex\">\n<div class=\"wp-block-button\"><a class=\"wp-block-button__link wp-element-button\" href=\"https:\/\/www.ljusnaren.se\/index.php\/category\/den-vedervardiga-mordaren\/\">Tillbaka<\/a><\/div>\n<\/div>\n\n\n\n<p><\/p>\n","protected":false},"excerpt":{"rendered":"<p>Karta \u00f6ver inbrott 1850-1853 Ting och R\u00e4tteg\u00e5ngsdatum: Fr\u00e5n Till H\u00e4radsr\u00e4tt Brott Brottsplats 1850-08-02 1850-08-27 Nya Kopparberget 1:a resan st\u00f6ld Tappen 1853-02-01 1853-02-19 Lindesberg 2:a resan st\u00f6ld Vasselhyttan, Reboda 1853-03-29 1853-05-17 Nora F\u00f6rfalskningsbrott Skrikarhyttan<\/p>\n","protected":false},"author":1,"featured_media":0,"parent":0,"menu_order":0,"comment_status":"closed","ping_status":"closed","template":"","meta":{"footnotes":""},"class_list":["post-1813","page","type-page","status-publish","hentry"],"_links":{"self":[{"href":"https:\/\/www.ljusnaren.se\/index.php\/wp-json\/wp\/v2\/pages\/1813","targetHints":{"allow":["GET"]}}],"collection":[{"href":"https:\/\/www.ljusnaren.se\/index.php\/wp-json\/wp\/v2\/pages"}],"about":[{"href":"https:\/\/www.ljusnaren.se\/index.php\/wp-json\/wp\/v2\/types\/page"}],"author":[{"embeddable":true,"href":"https:\/\/www.ljusnaren.se\/index.php\/wp-json\/wp\/v2\/users\/1"}],"replies":[{"embeddable":true,"href":"https:\/\/www.ljusnaren.se\/index.php\/wp-json\/wp\/v2\/comments?post=1813"}],"version-history":[{"count":6,"href":"https:\/\/www.ljusnaren.se\/index.php\/wp-json\/wp\/v2\/pages\/1813\/revisions"}],"predecessor-version":[{"id":1953,"href":"https:\/\/www.ljusnaren.se\/index.php\/wp-json\/wp\/v2\/pages\/1813\/revisions\/1953"}],"wp:attachment":[{"href":"https:\/\/www.ljusnaren.se\/index.php\/wp-json\/wp\/v2\/media?parent=1813"}],"curies":[{"name":"wp","href":"https:\/\/api.w.org\/{rel}","templated":true}]}}