{"id":1868,"date":"2026-01-03T08:50:20","date_gmt":"2026-01-03T08:50:20","guid":{"rendered":"https:\/\/www.ljusnaren.se\/?page_id=1868"},"modified":"2026-01-29T09:33:53","modified_gmt":"2026-01-29T09:33:53","slug":"kontakt","status":"publish","type":"page","link":"https:\/\/www.ljusnaren.se\/index.php\/kontakt\/","title":{"rendered":"Kontakt"},"content":{"rendered":"\n<p>Vill du veta mer om din sl\u00e4kt eller f\u00e5 lite hj\u00e4lp p\u00e5 traven med din sl\u00e4ktforskning? Kontakta mig via formul\u00e4r, s\u00e5 h\u00f6r jag av mig<\/p>\n\n\n\n<div class=\"wp-block-columns is-layout-flex wp-container-core-columns-is-layout-28f84493 wp-block-columns-is-layout-flex\">\n<div class=\"wp-block-column is-layout-flow wp-block-column-is-layout-flow\">\n<p><\/p>\n\n\n\n<figure class=\"wp-block-image size-full\"><img loading=\"lazy\" decoding=\"async\" width=\"300\" height=\"400\" src=\"https:\/\/www.ljusnaren.se\/wp-content\/uploads\/2026\/01\/Larswe.jpg\" alt=\"\" class=\"wp-image-1878\" srcset=\"https:\/\/www.ljusnaren.se\/wp-content\/uploads\/2026\/01\/Larswe.jpg 300w, https:\/\/www.ljusnaren.se\/wp-content\/uploads\/2026\/01\/Larswe-225x300.jpg 225w\" sizes=\"auto, (max-width: 300px) 100vw, 300px\" \/><\/figure>\n\n\n\n<h2 class=\"wp-block-heading\"><strong>Lars Knutsson<\/strong><\/h2>\n\n\n\n<p><em>Filosofie magisterexamen i historia<\/em> med s<em>l\u00e4ktforskarerfarenhet sedan 1985<\/em>.<\/p>\n\n\n\n<p>Parallellt med min egen forskning i Ljusnarsbergs socken, s\u00e5 har jag genomf\u00f6rt ett antal sl\u00e4ktutredningar och personportr\u00e4tt av m\u00e4nniskor som utm\u00e4rkt sig p\u00e5 ena eller andra s\u00e4ttet.<\/p>\n<\/div>\n\n\n\n<div class=\"wp-block-column is-layout-flow wp-block-column-is-layout-flow\"><style id=\"wpforms-css-vars-1873-block-f338cc18-e328-4145-9a3a-ff3db69bdb71\">\n\t\t\t\t#wpforms-1873.wpforms-block-f338cc18-e328-4145-9a3a-ff3db69bdb71 {\n\t\t\t\t--wpforms-field-size-input-height: 43px;\n--wpforms-field-size-input-spacing: 15px;\n--wpforms-field-size-font-size: 16px;\n--wpforms-field-size-line-height: 19px;\n--wpforms-field-size-padding-h: 14px;\n--wpforms-field-size-checkbox-size: 16px;\n--wpforms-field-size-sublabel-spacing: 5px;\n--wpforms-field-size-icon-size: 1;\n--wpforms-label-size-font-size: 16px;\n--wpforms-label-size-line-height: 19px;\n--wpforms-label-size-sublabel-font-size: 14px;\n--wpforms-label-size-sublabel-line-height: 17px;\n--wpforms-button-size-font-size: 17px;\n--wpforms-button-size-height: 41px;\n--wpforms-button-size-padding-h: 15px;\n--wpforms-button-size-margin-top: 10px;\n\t\t\t}\n\t\t\t<\/style><div class=\"wpforms-container wpforms-container-full wpforms-block wpforms-block-f338cc18-e328-4145-9a3a-ff3db69bdb71 wpforms-render-modern\" id=\"wpforms-1873\"><form id=\"wpforms-form-1873\" class=\"wpforms-validate wpforms-form wpforms-ajax-form\" data-formid=\"1873\" method=\"post\" enctype=\"multipart\/form-data\" action=\"\/index.php\/wp-json\/wp\/v2\/pages\/1868\" data-token=\"0cb6846fa4012fd582912f7ce9d751a7\" data-token-time=\"1777655221\"><noscript class=\"wpforms-error-noscript\">Aktivera JavaScript i din webbl\u00e4sare f\u00f6r att fylla i formul\u00e4ret.<\/noscript><div id=\"wpforms-error-noscript\" style=\"display: none;\">Aktivera JavaScript i din webbl\u00e4sare f\u00f6r att fylla i formul\u00e4ret.<\/div><div class=\"wpforms-field-container\">\t\t<div id=\"wpforms-1873-field_4-container\"\n\t\t\tclass=\"wpforms-field wpforms-field-text\"\n\t\t\tdata-field-type=\"text\"\n\t\t\tdata-field-id=\"4\"\n\t\t\t>\n\t\t\t<label class=\"wpforms-field-label\" for=\"wpforms-1873-field_4\" >E-post Namn Meddelande<\/label>\n\t\t\t<input type=\"text\" id=\"wpforms-1873-field_4\" class=\"wpforms-field-medium\" name=\"wpforms[fields][4]\" >\n\t\t<\/div>\n\t\t<div id=\"wpforms-1873-field_1-container\" class=\"wpforms-field wpforms-field-name\" data-field-id=\"1\"><label class=\"wpforms-field-label\" for=\"wpforms-1873-field_1\">Namn <span class=\"wpforms-required-label\" aria-hidden=\"true\">*<\/span><\/label><input type=\"text\" id=\"wpforms-1873-field_1\" class=\"wpforms-field-medium wpforms-field-required\" name=\"wpforms[fields][1]\" aria-errormessage=\"wpforms-1873-field_1-error\" required><\/div><div id=\"wpforms-1873-field_2-container\" class=\"wpforms-field wpforms-field-email\" data-field-id=\"2\"><label class=\"wpforms-field-label\" for=\"wpforms-1873-field_2\">E-post <span class=\"wpforms-required-label\" aria-hidden=\"true\">*<\/span><\/label><input type=\"email\" id=\"wpforms-1873-field_2\" class=\"wpforms-field-medium wpforms-field-required\" name=\"wpforms[fields][2]\" spellcheck=\"false\" aria-errormessage=\"wpforms-1873-field_2-error\" required><\/div><div id=\"wpforms-1873-field_3-container\" class=\"wpforms-field wpforms-field-textarea\" data-field-id=\"3\"><label class=\"wpforms-field-label\" for=\"wpforms-1873-field_3\">Meddelande<\/label><textarea id=\"wpforms-1873-field_3\" class=\"wpforms-field-medium\" name=\"wpforms[fields][3]\" aria-errormessage=\"wpforms-1873-field_3-error\" ><\/textarea><\/div><script>\n\t\t\t\t( function() {\n\t\t\t\t\tconst style = document.createElement( 'style' );\n\t\t\t\t\tstyle.appendChild( document.createTextNode( '#wpforms-1873-field_4-container { position: absolute !important; overflow: hidden !important; display: inline !important; height: 1px !important; width: 1px !important; z-index: -1000 !important; padding: 0 !important; } #wpforms-1873-field_4-container input { visibility: hidden; } #wpforms-conversational-form-page #wpforms-1873-field_4-container label { counter-increment: none; }' ) );\n\t\t\t\t\tdocument.head.appendChild( style );\n\t\t\t\t\tdocument.currentScript?.remove();\n\t\t\t\t} )();\n\t\t\t<\/script><\/div><!-- .wpforms-field-container --><div class=\"wpforms-submit-container\" ><input type=\"hidden\" name=\"wpforms[id]\" value=\"1873\"><input type=\"hidden\" name=\"page_title\" value=\"\"><input type=\"hidden\" name=\"page_url\" value=\"https:\/\/www.ljusnaren.se\/index.php\/wp-json\/wp\/v2\/pages\/1868\"><input type=\"hidden\" name=\"url_referer\" value=\"\"><button type=\"submit\" name=\"wpforms[submit]\" id=\"wpforms-submit-1873\" class=\"wpforms-submit\" data-alt-text=\"Skickar \u2026\" data-submit-text=\"Skicka\" aria-live=\"assertive\" value=\"wpforms-submit\">Skicka<\/button><img loading=\"lazy\" decoding=\"async\" src=\"https:\/\/www.ljusnaren.se\/wp-content\/plugins\/wpforms-lite\/assets\/images\/submit-spin.svg\" class=\"wpforms-submit-spinner\" style=\"display: none;\" width=\"26\" height=\"26\" alt=\"Laddar\"><\/div><\/form><\/div>  <!-- .wpforms-container --><\/div>\n<\/div>\n\n\n\n<p><\/p>\n\n\n\n<p><\/p>\n\n\n\n<h3 class=\"wp-block-heading\">Utf\u00f6rda sl\u00e4ktutredningar:<\/h3>\n\n\n\n<p>Knutsson, Ljusnarsberg. Samtliga individer, 1799 &#8211; 1990, inklusive r\u00e4ttshandlingar*<\/p>\n\n\n\n<p>H\u00e4ggqvist, H\u00e4rn\u00f6sand. Samtliga individer under familjenamnet 1765 &#8211; 1990, inklusive r\u00e4ttshandlingar*<\/p>\n\n\n\n<p>J\u00e4derberg, Nordmaling. 1800 &#8211; 1950. Sl\u00e4kttr\u00e4d, inklusive syskon i samtliga sl\u00e4ktled<\/p>\n\n\n\n<p><\/p>\n\n\n\n<h3 class=\"wp-block-heading\">P\u00e5g\u00e5ende utredningar:<\/h3>\n\n\n\n<p>Peter Persson \u00c5lund, Ljusnarsberg. Seriem\u00f6rdare 1850-talet<\/p>\n\n\n\n<p>Norman, Stockholms l\u00e4n, Kronobergs l\u00e4n<\/p>\n\n\n\n<p>Erkki, Norrbottens l\u00e4n<\/p>\n\n\n\n<p><\/p>\n\n\n\n<p>*r\u00e4ttshandlingar avser myndighetsut\u00f6vanden s\u00e5som sockenst\u00e4mmoprotokoll, tingsr\u00e4ttsprotokoll, etc<\/p>\n\n\n\n<p><\/p>\n","protected":false},"excerpt":{"rendered":"<p>Vill du veta mer om din sl\u00e4kt eller f\u00e5 lite hj\u00e4lp p\u00e5 traven med din sl\u00e4ktforskning? Kontakta mig via formul\u00e4r, s\u00e5 h\u00f6r jag av mig Lars Knutsson Filosofie magisterexamen i historia med sl\u00e4ktforskarerfarenhet sedan 1985. Parallellt med min egen forskning i Ljusnarsbergs socken, s\u00e5 har jag genomf\u00f6rt ett antal sl\u00e4ktutredningar och personportr\u00e4tt av m\u00e4nniskor som [&hellip;]<\/p>\n","protected":false},"author":1,"featured_media":0,"parent":0,"menu_order":0,"comment_status":"closed","ping_status":"closed","template":"","meta":{"footnotes":""},"class_list":["post-1868","page","type-page","status-publish","hentry"],"_links":{"self":[{"href":"https:\/\/www.ljusnaren.se\/index.php\/wp-json\/wp\/v2\/pages\/1868","targetHints":{"allow":["GET"]}}],"collection":[{"href":"https:\/\/www.ljusnaren.se\/index.php\/wp-json\/wp\/v2\/pages"}],"about":[{"href":"https:\/\/www.ljusnaren.se\/index.php\/wp-json\/wp\/v2\/types\/page"}],"author":[{"embeddable":true,"href":"https:\/\/www.ljusnaren.se\/index.php\/wp-json\/wp\/v2\/users\/1"}],"replies":[{"embeddable":true,"href":"https:\/\/www.ljusnaren.se\/index.php\/wp-json\/wp\/v2\/comments?post=1868"}],"version-history":[{"count":15,"href":"https:\/\/www.ljusnaren.se\/index.php\/wp-json\/wp\/v2\/pages\/1868\/revisions"}],"predecessor-version":[{"id":1954,"href":"https:\/\/www.ljusnaren.se\/index.php\/wp-json\/wp\/v2\/pages\/1868\/revisions\/1954"}],"wp:attachment":[{"href":"https:\/\/www.ljusnaren.se\/index.php\/wp-json\/wp\/v2\/media?parent=1868"}],"curies":[{"name":"wp","href":"https:\/\/api.w.org\/{rel}","templated":true}]}}