{"id":2293,"date":"2026-04-09T21:13:05","date_gmt":"2026-04-09T21:13:05","guid":{"rendered":"https:\/\/www.ljusnaren.se\/?page_id=2293"},"modified":"2026-04-15T16:29:35","modified_gmt":"2026-04-15T16:29:35","slug":"bilder","status":"publish","type":"page","link":"https:\/\/www.ljusnaren.se\/index.php\/bilder\/","title":{"rendered":"Bilder"},"content":{"rendered":"\n<p>Fotografiportr\u00e4tt blev tillg\u00e4ngliga f\u00f6r alla i b\u00f6rjan av 1900-talet. Ett best\u00e4llt portr\u00e4tt framst\u00e4lldes inte s\u00e4llan i ett kartonnage om tolv bilder som kunde brytas is\u00e4r och delas med sl\u00e4kt och v\u00e4nner. Eller ytligt bekanta som man kanske ville ha kontakt med. Tyv\u00e4rr noterades aldrig namnen p\u00e5 personerna p\u00e5 bilderna &#8211; och varf\u00f6r skulle man det? De som f\u00e5tt bilden visste mycket v\u00e4l vem det var&#8230;.<\/p>\n\n\n\n<hr class=\"wp-block-separator has-alpha-channel-opacity\"\/>\n\n\n\n<div class=\"wp-block-columns is-layout-flex wp-container-core-columns-is-layout-28f84493 wp-block-columns-is-layout-flex\">\n<div class=\"wp-block-column is-layout-flow wp-block-column-is-layout-flow\" style=\"flex-basis:66.66%\">\n<p><\/p>\n\n\n<ul class=\"wp-block-latest-posts__list wp-block-latest-posts\"><li><div class=\"wp-block-latest-posts__featured-image alignright\"><img loading=\"lazy\" decoding=\"async\" width=\"150\" height=\"150\" src=\"https:\/\/www.ljusnaren.se\/wp-content\/uploads\/2026\/04\/Okand-Soderbarke-150x150.jpg\" class=\"attachment-thumbnail size-thumbnail wp-post-image\" alt=\"\" style=\"\" \/><\/div><a class=\"wp-block-latest-posts__post-title\" href=\"https:\/\/www.ljusnaren.se\/index.php\/2026\/04\/11\/smedjebacken\/\">Bilder fr\u00e5n Smedjebacken, S\u00f6derb\u00e4rke och Ludvika<\/a><\/li>\n<\/ul><\/div>\n\n\n\n<div class=\"wp-block-column is-layout-flow wp-block-column-is-layout-flow\" style=\"flex-basis:33.33%\">\n<h4 class=\"wp-block-heading\">Vem \u00e4r det p\u00e5 bilden?<\/h4>\n\n\n\n<p>K\u00e4nner du igen n\u00e5gon fr\u00e5n gallerierna s\u00e5 skicka g\u00e4rna beskrivning p\u00e5 bilden, fr\u00e5n vilket album och vilket nummer<\/p>\n\n\n<style id=\"wpforms-css-vars-1873-block-0419f061-76de-455c-b903-8182d3f73594\">\n\t\t\t\t#wpforms-1873.wpforms-block-0419f061-76de-455c-b903-8182d3f73594 {\n\t\t\t\t--wpforms-field-size-input-height: 43px;\n--wpforms-field-size-input-spacing: 15px;\n--wpforms-field-size-font-size: 16px;\n--wpforms-field-size-line-height: 19px;\n--wpforms-field-size-padding-h: 14px;\n--wpforms-field-size-checkbox-size: 16px;\n--wpforms-field-size-sublabel-spacing: 5px;\n--wpforms-field-size-icon-size: 1;\n--wpforms-label-size-font-size: 16px;\n--wpforms-label-size-line-height: 19px;\n--wpforms-label-size-sublabel-font-size: 14px;\n--wpforms-label-size-sublabel-line-height: 17px;\n--wpforms-button-size-font-size: 17px;\n--wpforms-button-size-height: 41px;\n--wpforms-button-size-padding-h: 15px;\n--wpforms-button-size-margin-top: 10px;\n\t\t\t}\n\t\t\t<\/style><div class=\"wpforms-container wpforms-container-full wpforms-block wpforms-block-0419f061-76de-455c-b903-8182d3f73594 wpforms-render-modern\" id=\"wpforms-1873\"><form id=\"wpforms-form-1873\" class=\"wpforms-validate wpforms-form wpforms-ajax-form\" data-formid=\"1873\" method=\"post\" enctype=\"multipart\/form-data\" action=\"\/index.php\/wp-json\/wp\/v2\/pages\/2293\" data-token=\"b1eafffb03ef47183eb9f729f669d21f\" data-token-time=\"1776572654\"><noscript class=\"wpforms-error-noscript\">Aktivera JavaScript i din webbl\u00e4sare f\u00f6r att fylla i formul\u00e4ret.<\/noscript><div id=\"wpforms-error-noscript\" style=\"display: none;\">Aktivera JavaScript i din webbl\u00e4sare f\u00f6r att fylla i formul\u00e4ret.<\/div><div class=\"wpforms-field-container\"><div id=\"wpforms-1873-field_1-container\" class=\"wpforms-field wpforms-field-name\" data-field-id=\"1\"><label class=\"wpforms-field-label\" for=\"wpforms-1873-field_1\">Namn <span class=\"wpforms-required-label\" aria-hidden=\"true\">*<\/span><\/label><input type=\"text\" id=\"wpforms-1873-field_1\" class=\"wpforms-field-medium wpforms-field-required\" name=\"wpforms[fields][1]\" aria-errormessage=\"wpforms-1873-field_1-error\" required><\/div><div id=\"wpforms-1873-field_2-container\" class=\"wpforms-field wpforms-field-email\" data-field-id=\"2\"><label class=\"wpforms-field-label\" for=\"wpforms-1873-field_2\">E-post <span class=\"wpforms-required-label\" aria-hidden=\"true\">*<\/span><\/label><input type=\"email\" id=\"wpforms-1873-field_2\" class=\"wpforms-field-medium wpforms-field-required\" name=\"wpforms[fields][2]\" spellcheck=\"false\" aria-errormessage=\"wpforms-1873-field_2-error\" required><\/div>\t\t<div id=\"wpforms-1873-field_4-container\"\n\t\t\tclass=\"wpforms-field wpforms-field-text\"\n\t\t\tdata-field-type=\"text\"\n\t\t\tdata-field-id=\"4\"\n\t\t\t>\n\t\t\t<label class=\"wpforms-field-label\" for=\"wpforms-1873-field_4\" >Namn E-post Meddelande<\/label>\n\t\t\t<input type=\"text\" id=\"wpforms-1873-field_4\" class=\"wpforms-field-medium\" name=\"wpforms[fields][4]\" >\n\t\t<\/div>\n\t\t<div id=\"wpforms-1873-field_3-container\" class=\"wpforms-field wpforms-field-textarea\" data-field-id=\"3\"><label class=\"wpforms-field-label\" for=\"wpforms-1873-field_3\">Meddelande<\/label><textarea id=\"wpforms-1873-field_3\" class=\"wpforms-field-medium\" name=\"wpforms[fields][3]\" aria-errormessage=\"wpforms-1873-field_3-error\" ><\/textarea><\/div><script>\n\t\t\t\t( function() {\n\t\t\t\t\tconst style = document.createElement( 'style' );\n\t\t\t\t\tstyle.appendChild( document.createTextNode( '#wpforms-1873-field_4-container { position: absolute !important; overflow: hidden !important; display: inline !important; height: 1px !important; width: 1px !important; z-index: -1000 !important; padding: 0 !important; } #wpforms-1873-field_4-container input { visibility: hidden; } #wpforms-conversational-form-page #wpforms-1873-field_4-container label { counter-increment: none; }' ) );\n\t\t\t\t\tdocument.head.appendChild( style );\n\t\t\t\t\tdocument.currentScript?.remove();\n\t\t\t\t} )();\n\t\t\t<\/script><\/div><!-- .wpforms-field-container --><div class=\"wpforms-submit-container\" ><input type=\"hidden\" name=\"wpforms[id]\" value=\"1873\"><input type=\"hidden\" name=\"page_title\" value=\"\"><input type=\"hidden\" name=\"page_url\" value=\"https:\/\/www.ljusnaren.se\/index.php\/wp-json\/wp\/v2\/pages\/2293\"><input type=\"hidden\" name=\"url_referer\" value=\"\"><button type=\"submit\" name=\"wpforms[submit]\" id=\"wpforms-submit-1873\" class=\"wpforms-submit\" data-alt-text=\"Skickar \u2026\" data-submit-text=\"Skicka\" aria-live=\"assertive\" value=\"wpforms-submit\">Skicka<\/button><img loading=\"lazy\" decoding=\"async\" src=\"https:\/\/www.ljusnaren.se\/wp-content\/plugins\/wpforms-lite\/assets\/images\/submit-spin.svg\" class=\"wpforms-submit-spinner\" style=\"display: none;\" width=\"26\" height=\"26\" alt=\"Laddar\"><\/div><\/form><\/div>  <!-- .wpforms-container --><\/div>\n<\/div>\n","protected":false},"excerpt":{"rendered":"<p>Fotografiportr\u00e4tt blev tillg\u00e4ngliga f\u00f6r alla i b\u00f6rjan av 1900-talet. Ett best\u00e4llt portr\u00e4tt framst\u00e4lldes inte s\u00e4llan i ett kartonnage om tolv bilder som kunde brytas is\u00e4r och delas med sl\u00e4kt och v\u00e4nner. Eller ytligt bekanta som man kanske ville ha kontakt med. Tyv\u00e4rr noterades aldrig namnen p\u00e5 personerna p\u00e5 bilderna &#8211; och varf\u00f6r skulle man det? [&hellip;]<\/p>\n","protected":false},"author":1,"featured_media":0,"parent":0,"menu_order":0,"comment_status":"open","ping_status":"closed","template":"","meta":{"footnotes":""},"class_list":["post-2293","page","type-page","status-publish","hentry"],"_links":{"self":[{"href":"https:\/\/www.ljusnaren.se\/index.php\/wp-json\/wp\/v2\/pages\/2293","targetHints":{"allow":["GET"]}}],"collection":[{"href":"https:\/\/www.ljusnaren.se\/index.php\/wp-json\/wp\/v2\/pages"}],"about":[{"href":"https:\/\/www.ljusnaren.se\/index.php\/wp-json\/wp\/v2\/types\/page"}],"author":[{"embeddable":true,"href":"https:\/\/www.ljusnaren.se\/index.php\/wp-json\/wp\/v2\/users\/1"}],"replies":[{"embeddable":true,"href":"https:\/\/www.ljusnaren.se\/index.php\/wp-json\/wp\/v2\/comments?post=2293"}],"version-history":[{"count":28,"href":"https:\/\/www.ljusnaren.se\/index.php\/wp-json\/wp\/v2\/pages\/2293\/revisions"}],"predecessor-version":[{"id":2449,"href":"https:\/\/www.ljusnaren.se\/index.php\/wp-json\/wp\/v2\/pages\/2293\/revisions\/2449"}],"wp:attachment":[{"href":"https:\/\/www.ljusnaren.se\/index.php\/wp-json\/wp\/v2\/media?parent=2293"}],"curies":[{"name":"wp","href":"https:\/\/api.w.org\/{rel}","templated":true}]}}