{"id":2394,"date":"2026-04-12T15:46:08","date_gmt":"2026-04-12T15:46:08","guid":{"rendered":"https:\/\/www.ljusnaren.se\/?page_id=2394"},"modified":"2026-04-12T15:46:08","modified_gmt":"2026-04-12T15:46:08","slug":"maja-forsslunds-arkiv","status":"publish","type":"page","link":"https:\/\/www.ljusnaren.se\/index.php\/maja-forsslunds-arkiv\/","title":{"rendered":"Maja Forsslunds arkiv"},"content":{"rendered":"\n<div class=\"wp-block-columns is-layout-flex wp-container-core-columns-is-layout-28f84493 wp-block-columns-is-layout-flex\">\n<div class=\"wp-block-column is-layout-flow wp-block-column-is-layout-flow\" style=\"flex-basis:66.66%\"><ul class=\"wp-block-latest-posts__list wp-block-latest-posts\"><li><div class=\"wp-block-latest-posts__featured-image alignleft\"><img loading=\"lazy\" decoding=\"async\" width=\"150\" height=\"150\" src=\"https:\/\/www.ljusnaren.se\/wp-content\/uploads\/2026\/04\/Bukett-150x150.jpg\" class=\"attachment-thumbnail size-thumbnail wp-post-image\" alt=\"\" style=\"\" \/><\/div><a class=\"wp-block-latest-posts__post-title\" href=\"https:\/\/www.ljusnaren.se\/index.php\/2026\/04\/14\/ett-brollop-1853\/\">Ett br\u00f6llop 1853<\/a><div class=\"wp-block-latest-posts__post-excerpt\">Lovisa Eliasson (1847-1926) deltog vid ett dubbelbr\u00f6llop vid Stockbacken 1853. Maja Forsslund som upptecknade ber\u00e4ttelsen, skrev texten p\u00e5 kopparbergsdialekt, precis som Lovisa uttryckte den. Denna text \u00e4r dock justerad f\u00f6r\u2026 <a class=\"wp-block-latest-posts__read-more\" href=\"https:\/\/www.ljusnaren.se\/index.php\/2026\/04\/14\/ett-brollop-1853\/\" rel=\"noopener noreferrer\">L\u00e4s mer<span class=\"screen-reader-text\">: Ett br\u00f6llop 1853<\/span><\/a><\/div><\/li>\n<li><div class=\"wp-block-latest-posts__featured-image alignleft\"><img loading=\"lazy\" decoding=\"async\" width=\"150\" height=\"150\" src=\"https:\/\/www.ljusnaren.se\/wp-content\/uploads\/2026\/04\/Nattfrieri-150x150.jpg\" class=\"attachment-thumbnail size-thumbnail wp-post-image\" alt=\"\" style=\"\" \/><\/div><a class=\"wp-block-latest-posts__post-title\" href=\"https:\/\/www.ljusnaren.se\/index.php\/2026\/04\/12\/nattfrierier\/\">Nattfrierier<\/a><div class=\"wp-block-latest-posts__post-excerpt\">Sockeninv\u00e5nare f\u00f6dda p\u00e5 mitten av 1800-talet intervjuas om hur frierier gick till n\u00e4r de var unga. Upptagningen bygger p\u00e5 ett fr\u00e5geformul\u00e4r som saknas, men det g\u00e5r med stor beh\u00e5llning att\u2026 <a class=\"wp-block-latest-posts__read-more\" href=\"https:\/\/www.ljusnaren.se\/index.php\/2026\/04\/12\/nattfrierier\/\" rel=\"noopener noreferrer\">L\u00e4s mer<span class=\"screen-reader-text\">: Nattfrierier<\/span><\/a><\/div><\/li>\n<li><div class=\"wp-block-latest-posts__featured-image alignleft\"><img loading=\"lazy\" decoding=\"async\" width=\"150\" height=\"150\" src=\"https:\/\/www.ljusnaren.se\/wp-content\/uploads\/2026\/04\/Tvartjarnarna-150x150.jpg\" class=\"attachment-thumbnail size-thumbnail wp-post-image\" alt=\"\" style=\"\" \/><\/div><a class=\"wp-block-latest-posts__post-title\" href=\"https:\/\/www.ljusnaren.se\/index.php\/2026\/04\/12\/skildringar-over-trakten-vid-tvartjarnarna\/\">Skildringar \u00f6ver trakten vid Tv\u00e4rtj\u00e4rnarna<\/a><div class=\"wp-block-latest-posts__post-excerpt\">Elias L\u00f6fberg (1849-1935) fr\u00e5n Elgfall, ber\u00e4ttade 1928 f\u00f6r en upptecknare om gamla s\u00e4gner och skildringar om trakten norr om Gillersklack &#8211; runt den s\u00e5 kallade &#8221;Tv\u00e4rtj\u00e4rnarna&#8221;. Ur Maja Forsslunds samlingar.\u2026 <a class=\"wp-block-latest-posts__read-more\" href=\"https:\/\/www.ljusnaren.se\/index.php\/2026\/04\/12\/skildringar-over-trakten-vid-tvartjarnarna\/\" rel=\"noopener noreferrer\">L\u00e4s mer<span class=\"screen-reader-text\">: Skildringar \u00f6ver trakten vid Tv\u00e4rtj\u00e4rnarna<\/span><\/a><\/div><\/li>\n<\/ul><\/div>\n\n\n\n<div class=\"wp-block-column is-layout-flow wp-block-column-is-layout-flow\" style=\"flex-basis:33.33%\">\n<figure class=\"wp-block-image size-full\"><img loading=\"lazy\" decoding=\"async\" width=\"520\" height=\"739\" src=\"https:\/\/www.ljusnaren.se\/wp-content\/uploads\/2026\/04\/MajaF.jpg\" alt=\"\" class=\"wp-image-2397\" srcset=\"https:\/\/www.ljusnaren.se\/wp-content\/uploads\/2026\/04\/MajaF.jpg 520w, https:\/\/www.ljusnaren.se\/wp-content\/uploads\/2026\/04\/MajaF-211x300.jpg 211w\" sizes=\"auto, (max-width: 520px) 100vw, 520px\" \/><\/figure>\n\n\n\n<h4 class=\"wp-block-heading\">Maja Forsslund (1878-1967) <\/h4>\n\n\n\n<p>Hon deltog i uppbyggnaden av Nya Kopparbergs Bergslags Hembygdsf\u00f6rening och tillh\u00f6rande muse\u00e9r p\u00e5 orten.<\/p>\n\n\n\n<p>Med ett starkt samh\u00e4llsengagemang, politiskt aktiv och drivande i folkbildning, s\u00e5 bedrev hon ett intensivt insamlingsarbete av uppteckningar. Ber\u00e4ttelser, skildringar och material fr\u00e5n Ljusnarsbergs historia.<\/p>\n\n\n\n<p>Ett urval finns h\u00e4r&#8230; <\/p>\n<\/div>\n<\/div>\n\n\n\n<p><\/p>\n","protected":false},"excerpt":{"rendered":"<p>Maja Forsslund (1878-1967) Hon deltog i uppbyggnaden av Nya Kopparbergs Bergslags Hembygdsf\u00f6rening och tillh\u00f6rande muse\u00e9r p\u00e5 orten. Med ett starkt samh\u00e4llsengagemang, politiskt aktiv och drivande i folkbildning, s\u00e5 bedrev hon ett intensivt insamlingsarbete av uppteckningar. Ber\u00e4ttelser, skildringar och material fr\u00e5n Ljusnarsbergs historia. Ett urval finns h\u00e4r&#8230;<\/p>\n","protected":false},"author":1,"featured_media":0,"parent":0,"menu_order":0,"comment_status":"closed","ping_status":"closed","template":"","meta":{"footnotes":""},"class_list":["post-2394","page","type-page","status-publish","hentry"],"_links":{"self":[{"href":"https:\/\/www.ljusnaren.se\/index.php\/wp-json\/wp\/v2\/pages\/2394","targetHints":{"allow":["GET"]}}],"collection":[{"href":"https:\/\/www.ljusnaren.se\/index.php\/wp-json\/wp\/v2\/pages"}],"about":[{"href":"https:\/\/www.ljusnaren.se\/index.php\/wp-json\/wp\/v2\/types\/page"}],"author":[{"embeddable":true,"href":"https:\/\/www.ljusnaren.se\/index.php\/wp-json\/wp\/v2\/users\/1"}],"replies":[{"embeddable":true,"href":"https:\/\/www.ljusnaren.se\/index.php\/wp-json\/wp\/v2\/comments?post=2394"}],"version-history":[{"count":5,"href":"https:\/\/www.ljusnaren.se\/index.php\/wp-json\/wp\/v2\/pages\/2394\/revisions"}],"predecessor-version":[{"id":2400,"href":"https:\/\/www.ljusnaren.se\/index.php\/wp-json\/wp\/v2\/pages\/2394\/revisions\/2400"}],"wp:attachment":[{"href":"https:\/\/www.ljusnaren.se\/index.php\/wp-json\/wp\/v2\/media?parent=2394"}],"curies":[{"name":"wp","href":"https:\/\/api.w.org\/{rel}","templated":true}]}}