{"id":596,"date":"2025-01-27T18:09:51","date_gmt":"2025-01-27T18:09:51","guid":{"rendered":"https:\/\/www.ljusnaren.se\/?page_id=596"},"modified":"2025-01-29T21:25:08","modified_gmt":"2025-01-29T21:25:08","slug":"1840-2","status":"publish","type":"page","link":"https:\/\/www.ljusnaren.se\/index.php\/1840-2\/","title":{"rendered":"1840"},"content":{"rendered":"\n<div class=\"wp-block-group is-vertical is-layout-flex wp-container-core-group-is-layout-fe9cc265 wp-block-group-is-layout-flex\"><ul class=\"wp-block-latest-posts__list is-grid columns-3 wp-block-latest-posts\"><li><div class=\"wp-block-latest-posts__featured-image alignright\"><img loading=\"lazy\" decoding=\"async\" width=\"150\" height=\"150\" src=\"https:\/\/www.ljusnaren.se\/wp-content\/uploads\/2024\/12\/Skogshuggare-150x150.jpg\" class=\"attachment-thumbnail size-thumbnail wp-post-image\" alt=\"\" style=\"\" srcset=\"https:\/\/www.ljusnaren.se\/wp-content\/uploads\/2024\/12\/Skogshuggare-150x150.jpg 150w, https:\/\/www.ljusnaren.se\/wp-content\/uploads\/2024\/12\/Skogshuggare-300x300.jpg 300w, https:\/\/www.ljusnaren.se\/wp-content\/uploads\/2024\/12\/Skogshuggare-768x768.jpg 768w, https:\/\/www.ljusnaren.se\/wp-content\/uploads\/2024\/12\/Skogshuggare.jpg 1024w\" sizes=\"auto, (max-width: 150px) 100vw, 150px\" \/><\/div><a class=\"wp-block-latest-posts__post-title\" href=\"https:\/\/www.ljusnaren.se\/index.php\/2024\/12\/27\/1840-01-26\/\">1840-01-26<\/a><div class=\"wp-block-latest-posts__post-excerpt\">Mitt i vintern, tredje s\u00f6ndagen efter trettondagen, har sockenst\u00e4mman sitt f\u00f6rsta m\u00f6te p\u00e5 1840-talet. H\u00e4r infann sig den br\u00e4nnskadade kolardr\u00e4ngen Gustaf Larsson och ans\u00f6kte om fattigunderst\u00f6d. Han hade blivit\u2026 <a class=\"wp-block-latest-posts__read-more\" href=\"https:\/\/www.ljusnaren.se\/index.php\/2024\/12\/27\/1840-01-26\/\" rel=\"noopener noreferrer\">L\u00e4s mer<span class=\"screen-reader-text\">: 1840-01-26<\/span><\/a><\/div><\/li>\n<li><div class=\"wp-block-latest-posts__featured-image alignright\"><img loading=\"lazy\" decoding=\"async\" width=\"150\" height=\"150\" src=\"https:\/\/www.ljusnaren.se\/wp-content\/uploads\/2025\/01\/Skolklass-150x150.jpg\" class=\"attachment-thumbnail size-thumbnail wp-post-image\" alt=\"\" style=\"\" srcset=\"https:\/\/www.ljusnaren.se\/wp-content\/uploads\/2025\/01\/Skolklass-150x150.jpg 150w, https:\/\/www.ljusnaren.se\/wp-content\/uploads\/2025\/01\/Skolklass-300x300.jpg 300w, https:\/\/www.ljusnaren.se\/wp-content\/uploads\/2025\/01\/Skolklass-768x768.jpg 768w, https:\/\/www.ljusnaren.se\/wp-content\/uploads\/2025\/01\/Skolklass.jpg 1024w\" sizes=\"auto, (max-width: 150px) 100vw, 150px\" \/><\/div><a class=\"wp-block-latest-posts__post-title\" href=\"https:\/\/www.ljusnaren.se\/index.php\/2024\/12\/28\/1840-03-05\/\">1840-03-08<\/a><div class=\"wp-block-latest-posts__post-excerpt\">Knappt tv\u00e5 m\u00e5nader har g\u00e5tt sedan det f\u00f6rra och f\u00f6rsta m\u00f6tet p\u00e5 1840-talet och st\u00e4mman sammantr\u00e4der med pastor Westerholm och det ledande skiktet i Ljusnarsberg igen. Det har hunnit\u2026 <a class=\"wp-block-latest-posts__read-more\" href=\"https:\/\/www.ljusnaren.se\/index.php\/2024\/12\/28\/1840-03-05\/\" rel=\"noopener noreferrer\">L\u00e4s mer<span class=\"screen-reader-text\">: 1840-03-08<\/span><\/a><\/div><\/li>\n<li><div class=\"wp-block-latest-posts__featured-image alignright\"><img loading=\"lazy\" decoding=\"async\" width=\"150\" height=\"150\" src=\"https:\/\/www.ljusnaren.se\/wp-content\/uploads\/2025\/01\/Fangelse-150x150.jpg\" class=\"attachment-thumbnail size-thumbnail wp-post-image\" alt=\"\" style=\"\" srcset=\"https:\/\/www.ljusnaren.se\/wp-content\/uploads\/2025\/01\/Fangelse-150x150.jpg 150w, https:\/\/www.ljusnaren.se\/wp-content\/uploads\/2025\/01\/Fangelse-300x300.jpg 300w, https:\/\/www.ljusnaren.se\/wp-content\/uploads\/2025\/01\/Fangelse-768x768.jpg 768w, https:\/\/www.ljusnaren.se\/wp-content\/uploads\/2025\/01\/Fangelse.jpg 1024w\" sizes=\"auto, (max-width: 150px) 100vw, 150px\" \/><\/div><a class=\"wp-block-latest-posts__post-title\" href=\"https:\/\/www.ljusnaren.se\/index.php\/2025\/01\/01\/1840-03-25\/\">1840-03-25<\/a><div class=\"wp-block-latest-posts__post-excerpt\">Redan drygt tv\u00e5 veckor efter f\u00f6reg\u00e5ende st\u00e4mma har ett nytt m\u00f6te sammankallats. Denna g\u00e5ng redan mitt i veckan p\u00e5 en onsdag, d\u00e4r annars s\u00f6ndagar \u00e4r g\u00e4ngse tillf\u00e4lle, direkt efter\u2026 <a class=\"wp-block-latest-posts__read-more\" href=\"https:\/\/www.ljusnaren.se\/index.php\/2025\/01\/01\/1840-03-25\/\" rel=\"noopener noreferrer\">L\u00e4s mer<span class=\"screen-reader-text\">: 1840-03-25<\/span><\/a><\/div><\/li>\n<li><div class=\"wp-block-latest-posts__featured-image alignright\"><img loading=\"lazy\" decoding=\"async\" width=\"150\" height=\"150\" src=\"https:\/\/www.ljusnaren.se\/wp-content\/uploads\/2025\/01\/Skolklass-150x150.jpg\" class=\"attachment-thumbnail size-thumbnail wp-post-image\" alt=\"\" style=\"\" srcset=\"https:\/\/www.ljusnaren.se\/wp-content\/uploads\/2025\/01\/Skolklass-150x150.jpg 150w, https:\/\/www.ljusnaren.se\/wp-content\/uploads\/2025\/01\/Skolklass-300x300.jpg 300w, https:\/\/www.ljusnaren.se\/wp-content\/uploads\/2025\/01\/Skolklass-768x768.jpg 768w, https:\/\/www.ljusnaren.se\/wp-content\/uploads\/2025\/01\/Skolklass.jpg 1024w\" sizes=\"auto, (max-width: 150px) 100vw, 150px\" \/><\/div><a class=\"wp-block-latest-posts__post-title\" href=\"https:\/\/www.ljusnaren.se\/index.php\/2025\/01\/02\/1840-04-03\/\">1840-04-03<\/a><div class=\"wp-block-latest-posts__post-excerpt\">Sockenst\u00e4mman har samlats ett kort m\u00f6te p\u00e5 en fredag, d\u00e4r endast en enskild punkt finns p\u00e5 dagordningen: Huruvida en avskedskollekt till den avflyttande organisten P.A Sohlfeldt ska anordnas? Men\u2026 <a class=\"wp-block-latest-posts__read-more\" href=\"https:\/\/www.ljusnaren.se\/index.php\/2025\/01\/02\/1840-04-03\/\" rel=\"noopener noreferrer\">L\u00e4s mer<span class=\"screen-reader-text\">: 1840-04-03<\/span><\/a><\/div><\/li>\n<li><div class=\"wp-block-latest-posts__featured-image alignright\"><img loading=\"lazy\" decoding=\"async\" width=\"150\" height=\"150\" src=\"https:\/\/www.ljusnaren.se\/wp-content\/uploads\/2025\/01\/Barnmorskan-150x150.jpg\" class=\"attachment-thumbnail size-thumbnail wp-post-image\" alt=\"\" style=\"\" srcset=\"https:\/\/www.ljusnaren.se\/wp-content\/uploads\/2025\/01\/Barnmorskan-150x150.jpg 150w, https:\/\/www.ljusnaren.se\/wp-content\/uploads\/2025\/01\/Barnmorskan-300x300.jpg 300w, https:\/\/www.ljusnaren.se\/wp-content\/uploads\/2025\/01\/Barnmorskan-768x768.jpg 768w, https:\/\/www.ljusnaren.se\/wp-content\/uploads\/2025\/01\/Barnmorskan.jpg 1024w\" sizes=\"auto, (max-width: 150px) 100vw, 150px\" \/><\/div><a class=\"wp-block-latest-posts__post-title\" href=\"https:\/\/www.ljusnaren.se\/index.php\/2025\/01\/02\/1840-04-12\/\">1840-04-12<\/a><div class=\"wp-block-latest-posts__post-excerpt\">En barnmorska i Sthlm s\u00f6ker jobb i socknen, organisten Per Adolf Sohlfeldt har b\u00f6rjat packa f\u00f6r flytten mot S\u00f6dert\u00e4lje och \u00e4skar ers\u00e4ttning f\u00f6r sina renoveringar och uppodlingar. Catharina Persdotter\u2026 <a class=\"wp-block-latest-posts__read-more\" href=\"https:\/\/www.ljusnaren.se\/index.php\/2025\/01\/02\/1840-04-12\/\" rel=\"noopener noreferrer\">L\u00e4s mer<span class=\"screen-reader-text\">: 1840-04-12<\/span><\/a><\/div><\/li>\n<li><div class=\"wp-block-latest-posts__featured-image alignright\"><img loading=\"lazy\" decoding=\"async\" width=\"150\" height=\"150\" src=\"https:\/\/www.ljusnaren.se\/wp-content\/uploads\/2025\/01\/Orgel-150x150.jpg\" class=\"attachment-thumbnail size-thumbnail wp-post-image\" alt=\"\" style=\"\" srcset=\"https:\/\/www.ljusnaren.se\/wp-content\/uploads\/2025\/01\/Orgel-150x150.jpg 150w, https:\/\/www.ljusnaren.se\/wp-content\/uploads\/2025\/01\/Orgel-300x300.jpg 300w, https:\/\/www.ljusnaren.se\/wp-content\/uploads\/2025\/01\/Orgel-768x768.jpg 768w, https:\/\/www.ljusnaren.se\/wp-content\/uploads\/2025\/01\/Orgel.jpg 1024w\" sizes=\"auto, (max-width: 150px) 100vw, 150px\" \/><\/div><a class=\"wp-block-latest-posts__post-title\" href=\"https:\/\/www.ljusnaren.se\/index.php\/2025\/01\/05\/1840-05-17\/\">1840-05-17<\/a><div class=\"wp-block-latest-posts__post-excerpt\">Sohlfeldt med familj har flyttat och f\u00f6rsamlingen s\u00f6ker efter ny organist. Oklart hur rekrytering g\u00e5r till, men Ljusnarsberg g\u00e5r ut brett n\u00e4r de vill hitta den nya klockaren tillika\u2026 <a class=\"wp-block-latest-posts__read-more\" href=\"https:\/\/www.ljusnaren.se\/index.php\/2025\/01\/05\/1840-05-17\/\" rel=\"noopener noreferrer\">L\u00e4s mer<span class=\"screen-reader-text\">: 1840-05-17<\/span><\/a><\/div><\/li>\n<li><div class=\"wp-block-latest-posts__featured-image alignright\"><img loading=\"lazy\" decoding=\"async\" width=\"150\" height=\"150\" src=\"https:\/\/www.ljusnaren.se\/wp-content\/uploads\/2025\/01\/Byagata-150x150.png\" class=\"attachment-thumbnail size-thumbnail wp-post-image\" alt=\"\" style=\"\" \/><\/div><a class=\"wp-block-latest-posts__post-title\" href=\"https:\/\/www.ljusnaren.se\/index.php\/2025\/01\/06\/1840-05-24\/\">1840-05-24<\/a><div class=\"wp-block-latest-posts__post-excerpt\">Ekonomin \u00e4r nu reviderad och godk\u00e4nd. Men de fattiga har inte f\u00e5tt det n\u00e5got b\u00e4ttre och n\u00e5gra av dem skickas till Loka Brunn f\u00f6r att d\u00e4r f\u00f6rs\u00f6ka \u00e5tervinna h\u00e4lsan.\u2026 <a class=\"wp-block-latest-posts__read-more\" href=\"https:\/\/www.ljusnaren.se\/index.php\/2025\/01\/06\/1840-05-24\/\" rel=\"noopener noreferrer\">L\u00e4s mer<span class=\"screen-reader-text\">: 1840-05-24<\/span><\/a><\/div><\/li>\n<li><div class=\"wp-block-latest-posts__featured-image alignright\"><img loading=\"lazy\" decoding=\"async\" width=\"150\" height=\"150\" src=\"https:\/\/www.ljusnaren.se\/wp-content\/uploads\/2025\/01\/Anders-Andersson-Brannkyrka-150x150.jpg\" class=\"attachment-thumbnail size-thumbnail wp-post-image\" alt=\"\" style=\"\" \/><\/div><a class=\"wp-block-latest-posts__post-title\" href=\"https:\/\/www.ljusnaren.se\/index.php\/2025\/01\/07\/1840-05-31\/\">1840-05-31<\/a><div class=\"wp-block-latest-posts__post-excerpt\">Fattigdomen drev ungdomar fr\u00e5n socknen och i S\u00f6dra Finnfall fanns en inhyses fattigfamilj vars barn letade sig till Stockholm f\u00f6r en utkomst. Den yngsta sonen begav sig i ung\u2026 <a class=\"wp-block-latest-posts__read-more\" href=\"https:\/\/www.ljusnaren.se\/index.php\/2025\/01\/07\/1840-05-31\/\" rel=\"noopener noreferrer\">L\u00e4s mer<span class=\"screen-reader-text\">: 1840-05-31<\/span><\/a><\/div><\/li>\n<li><div class=\"wp-block-latest-posts__featured-image alignright\"><img loading=\"lazy\" decoding=\"async\" width=\"150\" height=\"150\" src=\"https:\/\/www.ljusnaren.se\/wp-content\/uploads\/2025\/01\/Spismur-150x150.jpg\" class=\"attachment-thumbnail size-thumbnail wp-post-image\" alt=\"\" style=\"\" srcset=\"https:\/\/www.ljusnaren.se\/wp-content\/uploads\/2025\/01\/Spismur-150x150.jpg 150w, https:\/\/www.ljusnaren.se\/wp-content\/uploads\/2025\/01\/Spismur-300x300.jpg 300w, https:\/\/www.ljusnaren.se\/wp-content\/uploads\/2025\/01\/Spismur-768x768.jpg 768w, https:\/\/www.ljusnaren.se\/wp-content\/uploads\/2025\/01\/Spismur.jpg 1024w\" sizes=\"auto, (max-width: 150px) 100vw, 150px\" \/><\/div><a class=\"wp-block-latest-posts__post-title\" href=\"https:\/\/www.ljusnaren.se\/index.php\/2025\/01\/07\/1840-07-05\/\">1840-07-05<\/a><div class=\"wp-block-latest-posts__post-excerpt\">En nytt \u00e4skande om ers\u00e4ttning \u00e4r inkommen fr\u00e5n Stockholm, r\u00f6rande begravningskostnader f\u00f6r en av socknens sj\u00e4lar som g\u00e5tt ur tiden p\u00e5 en annan plats och organisten Hellstr\u00f6m \u00e4r inte\u2026 <a class=\"wp-block-latest-posts__read-more\" href=\"https:\/\/www.ljusnaren.se\/index.php\/2025\/01\/07\/1840-07-05\/\" rel=\"noopener noreferrer\">L\u00e4s mer<span class=\"screen-reader-text\">: 1840-07-05<\/span><\/a><\/div><\/li>\n<li><div class=\"wp-block-latest-posts__featured-image alignright\"><img loading=\"lazy\" decoding=\"async\" width=\"150\" height=\"150\" src=\"https:\/\/www.ljusnaren.se\/wp-content\/uploads\/2025\/01\/Lakare-150x150.jpg\" class=\"attachment-thumbnail size-thumbnail wp-post-image\" alt=\"\" style=\"\" srcset=\"https:\/\/www.ljusnaren.se\/wp-content\/uploads\/2025\/01\/Lakare-150x150.jpg 150w, https:\/\/www.ljusnaren.se\/wp-content\/uploads\/2025\/01\/Lakare-300x300.jpg 300w, https:\/\/www.ljusnaren.se\/wp-content\/uploads\/2025\/01\/Lakare-768x768.jpg 768w, https:\/\/www.ljusnaren.se\/wp-content\/uploads\/2025\/01\/Lakare.jpg 1024w\" sizes=\"auto, (max-width: 150px) 100vw, 150px\" \/><\/div><a class=\"wp-block-latest-posts__post-title\" href=\"https:\/\/www.ljusnaren.se\/index.php\/2025\/01\/09\/1840-08-30\/\">1840-08-30<\/a><div class=\"wp-block-latest-posts__post-excerpt\">Veneriska sjukdomar har n\u00e5tt Ljusnarsberg och de styrande f\u00f6rsamlingen i Ljusnarsberg beh\u00f6ver besluta om \u00e5tg\u00e4rder. En av de vanligaste under mitten av 1800-talet var syfilis varf\u00f6r vi kan anta\u2026 <a class=\"wp-block-latest-posts__read-more\" href=\"https:\/\/www.ljusnaren.se\/index.php\/2025\/01\/09\/1840-08-30\/\" rel=\"noopener noreferrer\">L\u00e4s mer<span class=\"screen-reader-text\">: 1840-08-30<\/span><\/a><\/div><\/li>\n<li><div class=\"wp-block-latest-posts__featured-image alignright\"><img loading=\"lazy\" decoding=\"async\" width=\"150\" height=\"150\" src=\"https:\/\/www.ljusnaren.se\/wp-content\/uploads\/2025\/01\/backstuga-1-150x150.jpg\" class=\"attachment-thumbnail size-thumbnail wp-post-image\" alt=\"\" style=\"\" srcset=\"https:\/\/www.ljusnaren.se\/wp-content\/uploads\/2025\/01\/backstuga-1-150x150.jpg 150w, https:\/\/www.ljusnaren.se\/wp-content\/uploads\/2025\/01\/backstuga-1-300x300.jpg 300w, https:\/\/www.ljusnaren.se\/wp-content\/uploads\/2025\/01\/backstuga-1-768x768.jpg 768w, https:\/\/www.ljusnaren.se\/wp-content\/uploads\/2025\/01\/backstuga-1.jpg 1024w\" sizes=\"auto, (max-width: 150px) 100vw, 150px\" \/><\/div><a class=\"wp-block-latest-posts__post-title\" href=\"https:\/\/www.ljusnaren.se\/index.php\/2025\/01\/09\/1840-09-13\/\">1840-09-13<\/a><div class=\"wp-block-latest-posts__post-excerpt\">Anna Stina Stolpe strider f\u00f6r sin r\u00e4tt till bostad, Finnhytte kvarns bost\u00e4lle, \u00e4ven en\u00e4r hon blivit \u00e4nka efter mj\u00f6lnaren och backstugesittaren Jan Larsson Lacke f\u00e5r en respeng f\u00f6r att\u2026 <a class=\"wp-block-latest-posts__read-more\" href=\"https:\/\/www.ljusnaren.se\/index.php\/2025\/01\/09\/1840-09-13\/\" rel=\"noopener noreferrer\">L\u00e4s mer<span class=\"screen-reader-text\">: 1840-09-13<\/span><\/a><\/div><\/li>\n<li><div class=\"wp-block-latest-posts__featured-image alignright\"><img loading=\"lazy\" decoding=\"async\" width=\"150\" height=\"150\" src=\"https:\/\/www.ljusnaren.se\/wp-content\/uploads\/2025\/01\/Markegangsberakningar-150x150.jpg\" class=\"attachment-thumbnail size-thumbnail wp-post-image\" alt=\"\" style=\"\" srcset=\"https:\/\/www.ljusnaren.se\/wp-content\/uploads\/2025\/01\/Markegangsberakningar-150x150.jpg 150w, https:\/\/www.ljusnaren.se\/wp-content\/uploads\/2025\/01\/Markegangsberakningar-300x300.jpg 300w, https:\/\/www.ljusnaren.se\/wp-content\/uploads\/2025\/01\/Markegangsberakningar-768x768.jpg 768w, https:\/\/www.ljusnaren.se\/wp-content\/uploads\/2025\/01\/Markegangsberakningar.jpg 1024w\" sizes=\"auto, (max-width: 150px) 100vw, 150px\" \/><\/div><a class=\"wp-block-latest-posts__post-title\" href=\"https:\/\/www.ljusnaren.se\/index.php\/2025\/01\/09\/1840-09-27\/\">1840-09-27<\/a><div class=\"wp-block-latest-posts__post-excerpt\">St\u00e4mman avser v\u00e4lja fullm\u00e4ktige f\u00f6r att senare i november fastst\u00e4lla dels \u00e5rlig markeg\u00e5ng p\u00e5 \u00e5rets sk\u00f6rd och persedlar enligt formul\u00e4r, dels \u00e5rspris p\u00e5 s\u00e5 kallade huvudpersedlar, framf\u00f6r allt spannm\u00e5l\u2026 <a class=\"wp-block-latest-posts__read-more\" href=\"https:\/\/www.ljusnaren.se\/index.php\/2025\/01\/09\/1840-09-27\/\" rel=\"noopener noreferrer\">L\u00e4s mer<span class=\"screen-reader-text\">: 1840-09-27<\/span><\/a><\/div><\/li>\n<li><div class=\"wp-block-latest-posts__featured-image alignright\"><img loading=\"lazy\" decoding=\"async\" width=\"150\" height=\"150\" src=\"https:\/\/www.ljusnaren.se\/wp-content\/uploads\/2025\/01\/Anders-150x150.jpg\" class=\"attachment-thumbnail size-thumbnail wp-post-image\" alt=\"\" style=\"\" srcset=\"https:\/\/www.ljusnaren.se\/wp-content\/uploads\/2025\/01\/Anders-150x150.jpg 150w, https:\/\/www.ljusnaren.se\/wp-content\/uploads\/2025\/01\/Anders-300x300.jpg 300w, https:\/\/www.ljusnaren.se\/wp-content\/uploads\/2025\/01\/Anders-768x768.jpg 768w, https:\/\/www.ljusnaren.se\/wp-content\/uploads\/2025\/01\/Anders.jpg 1024w\" sizes=\"auto, (max-width: 150px) 100vw, 150px\" \/><\/div><a class=\"wp-block-latest-posts__post-title\" href=\"https:\/\/www.ljusnaren.se\/index.php\/2025\/01\/09\/1840-10-25\/\">1840-10-25<\/a><div class=\"wp-block-latest-posts__post-excerpt\">Den vansinniga dr\u00e4ngen Anders \u00e4r sv\u00e5r att inackordera s\u00e5 han f\u00e5r l\u00f6sa sitt uppeh\u00e4lle genom fortsatt sockenvandring. Som n\u00e4st intill naken, i slitna trasor g\u00e5ende g\u00e5rd till g\u00e5rd, f\u00f6r\u2026 <a class=\"wp-block-latest-posts__read-more\" href=\"https:\/\/www.ljusnaren.se\/index.php\/2025\/01\/09\/1840-10-25\/\" rel=\"noopener noreferrer\">L\u00e4s mer<span class=\"screen-reader-text\">: 1840-10-25<\/span><\/a><\/div><\/li>\n<li><div class=\"wp-block-latest-posts__featured-image alignright\"><img loading=\"lazy\" decoding=\"async\" width=\"150\" height=\"150\" src=\"https:\/\/www.ljusnaren.se\/wp-content\/uploads\/2025\/01\/Skottpengar-150x150.jpg\" class=\"attachment-thumbnail size-thumbnail wp-post-image\" alt=\"1841-09-26\" style=\"\" srcset=\"https:\/\/www.ljusnaren.se\/wp-content\/uploads\/2025\/01\/Skottpengar-150x150.jpg 150w, https:\/\/www.ljusnaren.se\/wp-content\/uploads\/2025\/01\/Skottpengar-300x300.jpg 300w, https:\/\/www.ljusnaren.se\/wp-content\/uploads\/2025\/01\/Skottpengar-768x768.jpg 768w, https:\/\/www.ljusnaren.se\/wp-content\/uploads\/2025\/01\/Skottpengar.jpg 1024w\" sizes=\"auto, (max-width: 150px) 100vw, 150px\" \/><\/div><a class=\"wp-block-latest-posts__post-title\" href=\"https:\/\/www.ljusnaren.se\/index.php\/2025\/01\/10\/1840-11-15\/\">1840-11-15<\/a><div class=\"wp-block-latest-posts__post-excerpt\">Inhyses Per (Peter) Ersson i Tallbacken har skjutit en varg och flera intygar att den var skjuten inom socknen, varf\u00f6r han f\u00e5r m\u00f6jligheten att kvittera ut skottpenningar fr\u00e5n byggnadskassan.\u2026 <a class=\"wp-block-latest-posts__read-more\" href=\"https:\/\/www.ljusnaren.se\/index.php\/2025\/01\/10\/1840-11-15\/\" rel=\"noopener noreferrer\">L\u00e4s mer<span class=\"screen-reader-text\">: 1840-11-15<\/span><\/a><\/div><\/li>\n<li><div class=\"wp-block-latest-posts__featured-image alignright\"><img loading=\"lazy\" decoding=\"async\" width=\"150\" height=\"150\" src=\"https:\/\/www.ljusnaren.se\/wp-content\/uploads\/2025\/01\/Kyrka-150x150.jpg\" class=\"attachment-thumbnail size-thumbnail wp-post-image\" alt=\"\" style=\"\" srcset=\"https:\/\/www.ljusnaren.se\/wp-content\/uploads\/2025\/01\/Kyrka-150x150.jpg 150w, https:\/\/www.ljusnaren.se\/wp-content\/uploads\/2025\/01\/Kyrka-300x300.jpg 300w, https:\/\/www.ljusnaren.se\/wp-content\/uploads\/2025\/01\/Kyrka-768x768.jpg 768w, https:\/\/www.ljusnaren.se\/wp-content\/uploads\/2025\/01\/Kyrka.jpg 1024w\" sizes=\"auto, (max-width: 150px) 100vw, 150px\" \/><\/div><a class=\"wp-block-latest-posts__post-title\" href=\"https:\/\/www.ljusnaren.se\/index.php\/2025\/01\/10\/1840-12-06\/\">1840-12-06<\/a><div class=\"wp-block-latest-posts__post-excerpt\">Kyrkans ljush\u00e5llare \u00e4r sotiga och beh\u00f6ver upputsning d\u00e4r guldgjutaren Holmberg i Krokfors erbjudit sig att g\u00f6ra jobbet f\u00f6r 100 Rd Rgs. St\u00e4mman inte helt s\u00e4ker p\u00e5 priset och skjuter\u2026 <a class=\"wp-block-latest-posts__read-more\" href=\"https:\/\/www.ljusnaren.se\/index.php\/2025\/01\/10\/1840-12-06\/\" rel=\"noopener noreferrer\">L\u00e4s mer<span class=\"screen-reader-text\">: 1840-12-06<\/span><\/a><\/div><\/li>\n<\/ul><\/div>\n\n\n\n<p><\/p>\n","protected":false},"excerpt":{"rendered":"","protected":false},"author":1,"featured_media":0,"parent":0,"menu_order":2,"comment_status":"closed","ping_status":"closed","template":"","meta":{"footnotes":""},"class_list":["post-596","page","type-page","status-publish","hentry"],"_links":{"self":[{"href":"https:\/\/www.ljusnaren.se\/index.php\/wp-json\/wp\/v2\/pages\/596","targetHints":{"allow":["GET"]}}],"collection":[{"href":"https:\/\/www.ljusnaren.se\/index.php\/wp-json\/wp\/v2\/pages"}],"about":[{"href":"https:\/\/www.ljusnaren.se\/index.php\/wp-json\/wp\/v2\/types\/page"}],"author":[{"embeddable":true,"href":"https:\/\/www.ljusnaren.se\/index.php\/wp-json\/wp\/v2\/users\/1"}],"replies":[{"embeddable":true,"href":"https:\/\/www.ljusnaren.se\/index.php\/wp-json\/wp\/v2\/comments?post=596"}],"version-history":[{"count":4,"href":"https:\/\/www.ljusnaren.se\/index.php\/wp-json\/wp\/v2\/pages\/596\/revisions"}],"predecessor-version":[{"id":675,"href":"https:\/\/www.ljusnaren.se\/index.php\/wp-json\/wp\/v2\/pages\/596\/revisions\/675"}],"wp:attachment":[{"href":"https:\/\/www.ljusnaren.se\/index.php\/wp-json\/wp\/v2\/media?parent=596"}],"curies":[{"name":"wp","href":"https:\/\/api.w.org\/{rel}","templated":true}]}}