{"id":959,"date":"2025-02-20T14:40:33","date_gmt":"2025-02-20T14:40:33","guid":{"rendered":"https:\/\/www.ljusnaren.se\/?page_id=959"},"modified":"2025-02-20T14:43:32","modified_gmt":"2025-02-20T14:43:32","slug":"1836-2","status":"publish","type":"page","link":"https:\/\/www.ljusnaren.se\/index.php\/1836-2\/","title":{"rendered":"1836"},"content":{"rendered":"<ul class=\"wp-block-latest-posts__list is-grid columns-3 has-author wp-block-latest-posts\"><li><div class=\"wp-block-latest-posts__featured-image alignright\"><a href=\"https:\/\/www.ljusnaren.se\/index.php\/2025\/02\/20\/1836-01-31\/\" aria-label=\"1836-01-31\"><img loading=\"lazy\" decoding=\"async\" width=\"150\" height=\"150\" src=\"https:\/\/www.ljusnaren.se\/wp-content\/uploads\/2025\/01\/fattig-kvinna-150x150.jpg\" class=\"attachment-thumbnail size-thumbnail wp-post-image\" alt=\"\" style=\"max-width:150px;max-height:150px;\" srcset=\"https:\/\/www.ljusnaren.se\/wp-content\/uploads\/2025\/01\/fattig-kvinna-150x150.jpg 150w, https:\/\/www.ljusnaren.se\/wp-content\/uploads\/2025\/01\/fattig-kvinna-300x300.jpg 300w, https:\/\/www.ljusnaren.se\/wp-content\/uploads\/2025\/01\/fattig-kvinna-768x768.jpg 768w, https:\/\/www.ljusnaren.se\/wp-content\/uploads\/2025\/01\/fattig-kvinna.jpg 1024w\" sizes=\"auto, (max-width: 150px) 100vw, 150px\" \/><\/a><\/div><a class=\"wp-block-latest-posts__post-title\" href=\"https:\/\/www.ljusnaren.se\/index.php\/2025\/02\/20\/1836-01-31\/\">1836-01-31<\/a><div class=\"wp-block-latest-posts__post-author\">av Lars<\/div><div class=\"wp-block-latest-posts__post-excerpt\">Kyrkoherde Godenius hemst\u00e4ller om val till n\u00e4mndemanna-befattningar och \u00e4nkan Stina\u2026 <a class=\"wp-block-latest-posts__read-more\" href=\"https:\/\/www.ljusnaren.se\/index.php\/2025\/02\/20\/1836-01-31\/\" rel=\"noopener noreferrer\">L\u00e4s mer<span class=\"screen-reader-text\">: 1836-01-31<\/span><\/a><\/div><\/li>\n<li><div class=\"wp-block-latest-posts__featured-image alignright\"><a href=\"https:\/\/www.ljusnaren.se\/index.php\/2025\/02\/20\/1836-02-14\/\" aria-label=\"1836-02-14\"><img loading=\"lazy\" decoding=\"async\" width=\"150\" height=\"150\" src=\"https:\/\/www.ljusnaren.se\/wp-content\/uploads\/2025\/02\/Sockennamnd-150x150.jpg\" class=\"attachment-thumbnail size-thumbnail wp-post-image\" alt=\"\" style=\"max-width:150px;max-height:150px;\" srcset=\"https:\/\/www.ljusnaren.se\/wp-content\/uploads\/2025\/02\/Sockennamnd-150x150.jpg 150w, https:\/\/www.ljusnaren.se\/wp-content\/uploads\/2025\/02\/Sockennamnd-300x300.jpg 300w, https:\/\/www.ljusnaren.se\/wp-content\/uploads\/2025\/02\/Sockennamnd-768x768.jpg 768w, https:\/\/www.ljusnaren.se\/wp-content\/uploads\/2025\/02\/Sockennamnd.jpg 1024w\" sizes=\"auto, (max-width: 150px) 100vw, 150px\" \/><\/a><\/div><a class=\"wp-block-latest-posts__post-title\" href=\"https:\/\/www.ljusnaren.se\/index.php\/2025\/02\/20\/1836-02-14\/\">1836-02-14<\/a><div class=\"wp-block-latest-posts__post-author\">av Lars<\/div><div class=\"wp-block-latest-posts__post-excerpt\">St\u00e4mman har mottagit cirkul\u00e4r om f\u00f6rsamlingen \u00e4r hugad att ing\u00e5\u2026 <a class=\"wp-block-latest-posts__read-more\" href=\"https:\/\/www.ljusnaren.se\/index.php\/2025\/02\/20\/1836-02-14\/\" rel=\"noopener noreferrer\">L\u00e4s mer<span class=\"screen-reader-text\">: 1836-02-14<\/span><\/a><\/div><\/li>\n<li><div class=\"wp-block-latest-posts__featured-image alignright\"><a href=\"https:\/\/www.ljusnaren.se\/index.php\/2025\/02\/20\/1836-02-28\/\" aria-label=\"1836-02-28\"><img loading=\"lazy\" decoding=\"async\" width=\"150\" height=\"150\" src=\"https:\/\/www.ljusnaren.se\/wp-content\/uploads\/2025\/01\/Markegangsberakningar-150x150.jpg\" class=\"attachment-thumbnail size-thumbnail wp-post-image\" alt=\"\" style=\"max-width:150px;max-height:150px;\" srcset=\"https:\/\/www.ljusnaren.se\/wp-content\/uploads\/2025\/01\/Markegangsberakningar-150x150.jpg 150w, https:\/\/www.ljusnaren.se\/wp-content\/uploads\/2025\/01\/Markegangsberakningar-300x300.jpg 300w, https:\/\/www.ljusnaren.se\/wp-content\/uploads\/2025\/01\/Markegangsberakningar-768x768.jpg 768w, https:\/\/www.ljusnaren.se\/wp-content\/uploads\/2025\/01\/Markegangsberakningar.jpg 1024w\" sizes=\"auto, (max-width: 150px) 100vw, 150px\" \/><\/a><\/div><a class=\"wp-block-latest-posts__post-title\" href=\"https:\/\/www.ljusnaren.se\/index.php\/2025\/02\/20\/1836-02-28\/\">1836-02-28<\/a><div class=\"wp-block-latest-posts__post-author\">av Lars<\/div><div class=\"wp-block-latest-posts__post-excerpt\">Val av deputerade f\u00f6r riksdag, samt revisorer f\u00f6r granskning av\u2026 <a class=\"wp-block-latest-posts__read-more\" href=\"https:\/\/www.ljusnaren.se\/index.php\/2025\/02\/20\/1836-02-28\/\" rel=\"noopener noreferrer\">L\u00e4s mer<span class=\"screen-reader-text\">: 1836-02-28<\/span><\/a><\/div><\/li>\n<li><div class=\"wp-block-latest-posts__featured-image alignright\"><a href=\"https:\/\/www.ljusnaren.se\/index.php\/2025\/02\/20\/1836-03-13\/\" aria-label=\"1836-03-13\"><img loading=\"lazy\" decoding=\"async\" width=\"150\" height=\"150\" src=\"https:\/\/www.ljusnaren.se\/wp-content\/uploads\/2025\/02\/Hastochvagn-150x150.jpg\" class=\"attachment-thumbnail size-thumbnail wp-post-image\" alt=\"\" style=\"max-width:150px;max-height:150px;\" srcset=\"https:\/\/www.ljusnaren.se\/wp-content\/uploads\/2025\/02\/Hastochvagn-150x150.jpg 150w, https:\/\/www.ljusnaren.se\/wp-content\/uploads\/2025\/02\/Hastochvagn-300x300.jpg 300w, https:\/\/www.ljusnaren.se\/wp-content\/uploads\/2025\/02\/Hastochvagn-768x768.jpg 768w, https:\/\/www.ljusnaren.se\/wp-content\/uploads\/2025\/02\/Hastochvagn.jpg 1024w\" sizes=\"auto, (max-width: 150px) 100vw, 150px\" \/><\/a><\/div><a class=\"wp-block-latest-posts__post-title\" href=\"https:\/\/www.ljusnaren.se\/index.php\/2025\/02\/20\/1836-03-13\/\">1836-03-13<\/a><div class=\"wp-block-latest-posts__post-author\">av Lars<\/div><div class=\"wp-block-latest-posts__post-excerpt\">Protokoll h\u00e5llet \u00e5 allm\u00e4n, i laglig tid utlyst sockenst\u00e4mma med\u2026 <a class=\"wp-block-latest-posts__read-more\" href=\"https:\/\/www.ljusnaren.se\/index.php\/2025\/02\/20\/1836-03-13\/\" rel=\"noopener noreferrer\">L\u00e4s mer<span class=\"screen-reader-text\">: 1836-03-13<\/span><\/a><\/div><\/li>\n<li><div class=\"wp-block-latest-posts__featured-image alignright\"><a href=\"https:\/\/www.ljusnaren.se\/index.php\/2025\/02\/20\/1836-04-10\/\" aria-label=\"1836-04-10\"><img loading=\"lazy\" decoding=\"async\" width=\"150\" height=\"150\" src=\"https:\/\/www.ljusnaren.se\/wp-content\/uploads\/2025\/02\/Sockennamnd-150x150.jpg\" class=\"attachment-thumbnail size-thumbnail wp-post-image\" alt=\"\" style=\"max-width:150px;max-height:150px;\" srcset=\"https:\/\/www.ljusnaren.se\/wp-content\/uploads\/2025\/02\/Sockennamnd-150x150.jpg 150w, https:\/\/www.ljusnaren.se\/wp-content\/uploads\/2025\/02\/Sockennamnd-300x300.jpg 300w, https:\/\/www.ljusnaren.se\/wp-content\/uploads\/2025\/02\/Sockennamnd-768x768.jpg 768w, https:\/\/www.ljusnaren.se\/wp-content\/uploads\/2025\/02\/Sockennamnd.jpg 1024w\" sizes=\"auto, (max-width: 150px) 100vw, 150px\" \/><\/a><\/div><a class=\"wp-block-latest-posts__post-title\" href=\"https:\/\/www.ljusnaren.se\/index.php\/2025\/02\/20\/1836-04-10\/\">1836-04-10<\/a><div class=\"wp-block-latest-posts__post-author\">av Lars<\/div><div class=\"wp-block-latest-posts__post-excerpt\">\u00c5rets berednings-kommitt\u00e9 ska v\u00e4ljas, liksom en taxeringskommitt\u00e9 f\u00f6r h\u00e4radet&#8230; Protokoll\u2026 <a class=\"wp-block-latest-posts__read-more\" href=\"https:\/\/www.ljusnaren.se\/index.php\/2025\/02\/20\/1836-04-10\/\" rel=\"noopener noreferrer\">L\u00e4s mer<span class=\"screen-reader-text\">: 1836-04-10<\/span><\/a><\/div><\/li>\n<li><div class=\"wp-block-latest-posts__featured-image alignright\"><a href=\"https:\/\/www.ljusnaren.se\/index.php\/2025\/02\/20\/1836-04-24\/\" aria-label=\"1836-04-24\"><img loading=\"lazy\" decoding=\"async\" width=\"150\" height=\"150\" src=\"https:\/\/www.ljusnaren.se\/wp-content\/uploads\/2025\/02\/Algjakt-150x150.jpg\" class=\"attachment-thumbnail size-thumbnail wp-post-image\" alt=\"\" style=\"max-width:150px;max-height:150px;\" srcset=\"https:\/\/www.ljusnaren.se\/wp-content\/uploads\/2025\/02\/Algjakt-150x150.jpg 150w, https:\/\/www.ljusnaren.se\/wp-content\/uploads\/2025\/02\/Algjakt-300x300.jpg 300w, https:\/\/www.ljusnaren.se\/wp-content\/uploads\/2025\/02\/Algjakt-768x768.jpg 768w, https:\/\/www.ljusnaren.se\/wp-content\/uploads\/2025\/02\/Algjakt.jpg 1024w\" sizes=\"auto, (max-width: 150px) 100vw, 150px\" \/><\/a><\/div><a class=\"wp-block-latest-posts__post-title\" href=\"https:\/\/www.ljusnaren.se\/index.php\/2025\/02\/20\/1836-04-24\/\">1836-04-24<\/a><div class=\"wp-block-latest-posts__post-author\">av Lars<\/div><div class=\"wp-block-latest-posts__post-excerpt\">Kronofogden har st\u00e4llt fr\u00e5gan till socken om huruvida \u00e4lgstammen \u00e4r\u2026 <a class=\"wp-block-latest-posts__read-more\" href=\"https:\/\/www.ljusnaren.se\/index.php\/2025\/02\/20\/1836-04-24\/\" rel=\"noopener noreferrer\">L\u00e4s mer<span class=\"screen-reader-text\">: 1836-04-24<\/span><\/a><\/div><\/li>\n<li><div class=\"wp-block-latest-posts__featured-image alignright\"><a href=\"https:\/\/www.ljusnaren.se\/index.php\/2025\/02\/21\/1836-05-23\/\" aria-label=\"1836-05-23\"><img loading=\"lazy\" decoding=\"async\" width=\"150\" height=\"150\" src=\"https:\/\/www.ljusnaren.se\/wp-content\/uploads\/2025\/02\/Auktion-150x150.jpg\" class=\"attachment-thumbnail size-thumbnail wp-post-image\" alt=\"\" style=\"max-width:150px;max-height:150px;\" srcset=\"https:\/\/www.ljusnaren.se\/wp-content\/uploads\/2025\/02\/Auktion-150x150.jpg 150w, https:\/\/www.ljusnaren.se\/wp-content\/uploads\/2025\/02\/Auktion-300x300.jpg 300w, https:\/\/www.ljusnaren.se\/wp-content\/uploads\/2025\/02\/Auktion-768x768.jpg 768w, https:\/\/www.ljusnaren.se\/wp-content\/uploads\/2025\/02\/Auktion.jpg 1024w\" sizes=\"auto, (max-width: 150px) 100vw, 150px\" \/><\/a><\/div><a class=\"wp-block-latest-posts__post-title\" href=\"https:\/\/www.ljusnaren.se\/index.php\/2025\/02\/21\/1836-05-23\/\">1836-05-23<\/a><div class=\"wp-block-latest-posts__post-author\">av Lars<\/div><div class=\"wp-block-latest-posts__post-excerpt\">F\u00f6rsamlingen ska h\u00e5lla auktion \u00f6ver de s\u00e4ngar som rekvirerades f\u00f6r\u2026 <a class=\"wp-block-latest-posts__read-more\" href=\"https:\/\/www.ljusnaren.se\/index.php\/2025\/02\/21\/1836-05-23\/\" rel=\"noopener noreferrer\">L\u00e4s mer<span class=\"screen-reader-text\">: 1836-05-23<\/span><\/a><\/div><\/li>\n<li><div class=\"wp-block-latest-posts__featured-image alignright\"><a href=\"https:\/\/www.ljusnaren.se\/index.php\/2025\/02\/21\/1836-06-03\/\" aria-label=\"1836-06-03\"><img loading=\"lazy\" decoding=\"async\" width=\"150\" height=\"150\" src=\"https:\/\/www.ljusnaren.se\/wp-content\/uploads\/2025\/02\/Kvinna-med-barn-150x150.jpg\" class=\"attachment-thumbnail size-thumbnail wp-post-image\" alt=\"\" style=\"max-width:150px;max-height:150px;\" srcset=\"https:\/\/www.ljusnaren.se\/wp-content\/uploads\/2025\/02\/Kvinna-med-barn-150x150.jpg 150w, https:\/\/www.ljusnaren.se\/wp-content\/uploads\/2025\/02\/Kvinna-med-barn-300x300.jpg 300w, https:\/\/www.ljusnaren.se\/wp-content\/uploads\/2025\/02\/Kvinna-med-barn-768x768.jpg 768w, https:\/\/www.ljusnaren.se\/wp-content\/uploads\/2025\/02\/Kvinna-med-barn.jpg 1024w\" sizes=\"auto, (max-width: 150px) 100vw, 150px\" \/><\/a><\/div><a class=\"wp-block-latest-posts__post-title\" href=\"https:\/\/www.ljusnaren.se\/index.php\/2025\/02\/21\/1836-06-03\/\">1836-06-03<\/a><div class=\"wp-block-latest-posts__post-author\">av Lars<\/div><div class=\"wp-block-latest-posts__post-excerpt\">Anna Stina Gr\u00f6nberg har kraftiga epileptiska anfall som f\u00f6rskr\u00e4cker omgivningen\u2026 <a class=\"wp-block-latest-posts__read-more\" href=\"https:\/\/www.ljusnaren.se\/index.php\/2025\/02\/21\/1836-06-03\/\" rel=\"noopener noreferrer\">L\u00e4s mer<span class=\"screen-reader-text\">: 1836-06-03<\/span><\/a><\/div><\/li>\n<li><div class=\"wp-block-latest-posts__featured-image alignright\"><a href=\"https:\/\/www.ljusnaren.se\/index.php\/2025\/02\/21\/1836-08-14\/\" aria-label=\"1836-08-14\"><img loading=\"lazy\" decoding=\"async\" width=\"150\" height=\"150\" src=\"https:\/\/www.ljusnaren.se\/wp-content\/uploads\/2025\/02\/Sockennamnd-150x150.jpg\" class=\"attachment-thumbnail size-thumbnail wp-post-image\" alt=\"\" style=\"max-width:150px;max-height:150px;\" srcset=\"https:\/\/www.ljusnaren.se\/wp-content\/uploads\/2025\/02\/Sockennamnd-150x150.jpg 150w, https:\/\/www.ljusnaren.se\/wp-content\/uploads\/2025\/02\/Sockennamnd-300x300.jpg 300w, https:\/\/www.ljusnaren.se\/wp-content\/uploads\/2025\/02\/Sockennamnd-768x768.jpg 768w, https:\/\/www.ljusnaren.se\/wp-content\/uploads\/2025\/02\/Sockennamnd.jpg 1024w\" sizes=\"auto, (max-width: 150px) 100vw, 150px\" \/><\/a><\/div><a class=\"wp-block-latest-posts__post-title\" href=\"https:\/\/www.ljusnaren.se\/index.php\/2025\/02\/21\/1836-08-14\/\">1836-08-14<\/a><div class=\"wp-block-latest-posts__post-author\">av Lars<\/div><div class=\"wp-block-latest-posts__post-excerpt\">Ljusnarsbergs f\u00f6rsamling m\u00e5ste fastst\u00e4lla roteringen f\u00f6r socknen och de hoppas\u2026 <a class=\"wp-block-latest-posts__read-more\" href=\"https:\/\/www.ljusnaren.se\/index.php\/2025\/02\/21\/1836-08-14\/\" rel=\"noopener noreferrer\">L\u00e4s mer<span class=\"screen-reader-text\">: 1836-08-14<\/span><\/a><\/div><\/li>\n<li><div class=\"wp-block-latest-posts__featured-image alignright\"><a href=\"https:\/\/www.ljusnaren.se\/index.php\/2025\/02\/21\/1836-10-02\/\" aria-label=\"1836-10-02\"><img loading=\"lazy\" decoding=\"async\" width=\"150\" height=\"150\" src=\"https:\/\/www.ljusnaren.se\/wp-content\/uploads\/2025\/01\/Markegangsberakningar-150x150.jpg\" class=\"attachment-thumbnail size-thumbnail wp-post-image\" alt=\"\" style=\"max-width:150px;max-height:150px;\" srcset=\"https:\/\/www.ljusnaren.se\/wp-content\/uploads\/2025\/01\/Markegangsberakningar-150x150.jpg 150w, https:\/\/www.ljusnaren.se\/wp-content\/uploads\/2025\/01\/Markegangsberakningar-300x300.jpg 300w, https:\/\/www.ljusnaren.se\/wp-content\/uploads\/2025\/01\/Markegangsberakningar-768x768.jpg 768w, https:\/\/www.ljusnaren.se\/wp-content\/uploads\/2025\/01\/Markegangsberakningar.jpg 1024w\" sizes=\"auto, (max-width: 150px) 100vw, 150px\" \/><\/a><\/div><a class=\"wp-block-latest-posts__post-title\" href=\"https:\/\/www.ljusnaren.se\/index.php\/2025\/02\/21\/1836-10-02\/\">1836-10-02<\/a><div class=\"wp-block-latest-posts__post-author\">av Lars<\/div><div class=\"wp-block-latest-posts__post-excerpt\">Protokollet h\u00e5llet i allm\u00e4n sockenst\u00e4mma med Ljusnarsbergs f\u00f6rsamling den 2\u2026 <a class=\"wp-block-latest-posts__read-more\" href=\"https:\/\/www.ljusnaren.se\/index.php\/2025\/02\/21\/1836-10-02\/\" rel=\"noopener noreferrer\">L\u00e4s mer<span class=\"screen-reader-text\">: 1836-10-02<\/span><\/a><\/div><\/li>\n<li><div class=\"wp-block-latest-posts__featured-image alignright\"><a href=\"https:\/\/www.ljusnaren.se\/index.php\/2025\/02\/21\/1836-11-06\/\" aria-label=\"1836-11-06\"><img loading=\"lazy\" decoding=\"async\" width=\"150\" height=\"150\" src=\"https:\/\/www.ljusnaren.se\/wp-content\/uploads\/2025\/01\/Varg-150x150.jpg\" class=\"attachment-thumbnail size-thumbnail wp-post-image\" alt=\"\" style=\"max-width:150px;max-height:150px;\" srcset=\"https:\/\/www.ljusnaren.se\/wp-content\/uploads\/2025\/01\/Varg-150x150.jpg 150w, https:\/\/www.ljusnaren.se\/wp-content\/uploads\/2025\/01\/Varg-300x300.jpg 300w, https:\/\/www.ljusnaren.se\/wp-content\/uploads\/2025\/01\/Varg-768x768.jpg 768w, https:\/\/www.ljusnaren.se\/wp-content\/uploads\/2025\/01\/Varg.jpg 1024w\" sizes=\"auto, (max-width: 150px) 100vw, 150px\" \/><\/a><\/div><a class=\"wp-block-latest-posts__post-title\" href=\"https:\/\/www.ljusnaren.se\/index.php\/2025\/02\/21\/1836-11-06\/\">1836-11-06<\/a><div class=\"wp-block-latest-posts__post-author\">av Lars<\/div><div class=\"wp-block-latest-posts__post-excerpt\">Protokoll h\u00e5llet \u00e5 allm\u00e4n sockenst\u00e4mma med Ljusnarsbergs f\u00f6rsamling den 6\u2026 <a class=\"wp-block-latest-posts__read-more\" href=\"https:\/\/www.ljusnaren.se\/index.php\/2025\/02\/21\/1836-11-06\/\" rel=\"noopener noreferrer\">L\u00e4s mer<span class=\"screen-reader-text\">: 1836-11-06<\/span><\/a><\/div><\/li>\n<\/ul>","protected":false},"excerpt":{"rendered":"","protected":false},"author":1,"featured_media":0,"parent":0,"menu_order":0,"comment_status":"closed","ping_status":"closed","template":"","meta":{"footnotes":""},"class_list":["post-959","page","type-page","status-publish","hentry"],"_links":{"self":[{"href":"https:\/\/www.ljusnaren.se\/index.php\/wp-json\/wp\/v2\/pages\/959","targetHints":{"allow":["GET"]}}],"collection":[{"href":"https:\/\/www.ljusnaren.se\/index.php\/wp-json\/wp\/v2\/pages"}],"about":[{"href":"https:\/\/www.ljusnaren.se\/index.php\/wp-json\/wp\/v2\/types\/page"}],"author":[{"embeddable":true,"href":"https:\/\/www.ljusnaren.se\/index.php\/wp-json\/wp\/v2\/users\/1"}],"replies":[{"embeddable":true,"href":"https:\/\/www.ljusnaren.se\/index.php\/wp-json\/wp\/v2\/comments?post=959"}],"version-history":[{"count":4,"href":"https:\/\/www.ljusnaren.se\/index.php\/wp-json\/wp\/v2\/pages\/959\/revisions"}],"predecessor-version":[{"id":967,"href":"https:\/\/www.ljusnaren.se\/index.php\/wp-json\/wp\/v2\/pages\/959\/revisions\/967"}],"wp:attachment":[{"href":"https:\/\/www.ljusnaren.se\/index.php\/wp-json\/wp\/v2\/media?parent=959"}],"curies":[{"name":"wp","href":"https:\/\/api.w.org\/{rel}","templated":true}]}}